{"id":97,"date":"2016-02-22T13:18:22","date_gmt":"2016-02-22T13:18:22","guid":{"rendered":"http:\/\/lelassessoriacom.avenum.dominiotemporario.com\/?page_id=97"},"modified":"2020-05-19T21:18:07","modified_gmt":"2020-05-19T21:18:07","slug":"clientes","status":"publish","type":"page","link":"http:\/\/www.lelassessoria.com.br\/en\/clientes\/","title":{"rendered":"Clients and Partners"},"content":{"rendered":"<p><script>\n  (function(i,s,o,g,r,a,m){i['GoogleAnalyticsObject']=r;i[r]=i[r]||function(){\n  (i[r].q=i[r].q||[]).push(arguments)},i[r].l=1*new Date();a=s.createElement(o),\n  m=s.getElementsByTagName(o)[0];a.async=1;a.src=g;m.parentNode.insertBefore(a,m)\n  })(window,document,'script','https:\/\/www.google-analytics.com\/analytics.js','ga');<\/p>\n<\/p>\n<\/p>\n<\/p>\n<\/p>\n<\/p>\n<\/p>\n<\/p>\n<\/p>\n<\/p>\n<\/p>\n<\/p>\n<\/p>\n<\/p>\n<\/p>\n<\/p>\n<\/p>\n<\/p>\n<\/p>\n<\/p>\n<\/p>\n<\/p>\n<\/p>\n<\/p>\n<\/p>\n<\/p>\n<\/p>\n<\/p>\n<\/p>\n<\/p>\n<\/p>\n<\/p>\n<\/p>\n<\/p>\n<\/p>\n<\/p>\n<\/p>\n<\/p>\n<\/p>\n<\/p>\n<\/p>\n<\/p>\n<\/p>\n<\/p>\n<\/p>\n<\/p>\n<\/p>\n<\/p>\n<\/p>\n<\/p>\n<\/p>\n<\/p>\n<\/p>\n<\/p>\n<\/p>\n<\/p>\n<\/p>\n<\/p>\n<\/p>\n<\/p>\n<\/p>\n<\/p>\n<\/p>\n<\/p>\n<\/p>\n<\/p>\n<\/p>\n<\/p>\n<\/p>\n<\/p>\n<\/p>\n<\/p>\n<\/p>\n<\/p>\n<\/p>\n<\/p>\n<\/p>\n<\/p>\n<\/p>\n<\/p>\n<\/p>\n<\/p>\n<\/p>\n<\/p>\n<\/p>\n<\/p>\n<\/p>\n<\/p>\n<\/p>\n<\/p>\n<\/p>\n<\/p>\n<\/p>\n<\/p>\n<\/p>\n<\/p>\n<\/p>\n<p>  ga('create', 'UA-89386537-1', 'auto');\n  ga('send', 'pageview');<\/p>\n<\/p>\n<\/p>\n<\/p>\n<\/p>\n<\/p>\n<\/p>\n<\/p>\n<\/p>\n<\/p>\n<\/p>\n<\/p>\n<\/p>\n<\/p>\n<\/p>\n<\/p>\n<\/p>\n<\/p>\n<\/p>\n<\/p>\n<\/p>\n<\/p>\n<\/p>\n<\/p>\n<\/p>\n<\/p>\n<\/p>\n<\/p>\n<\/p>\n<\/p>\n<\/p>\n<\/p>\n<\/p>\n<\/p>\n<\/p>\n<\/p>\n<\/p>\n<\/p>\n<\/p>\n<\/p>\n<\/p>\n<\/p>\n<\/p>\n<\/p>\n<\/p>\n<\/p>\n<\/p>\n<\/p>\n<\/p>\n<\/p>\n<\/p>\n<\/p>\n<\/p>\n<\/p>\n<\/p>\n<\/p>\n<\/p>\n<\/p>\n<\/p>\n<\/p>\n<\/p>\n<\/p>\n<\/p>\n<\/p>\n<\/p>\n<\/p>\n<\/p>\n<\/p>\n<\/p>\n<\/p>\n<\/p>\n<\/p>\n<\/p>\n<\/p>\n<\/p>\n<\/p>\n<\/p>\n<\/p>\n<\/p>\n<\/p>\n<\/p>\n<\/p>\n<\/p>\n<\/p>\n<\/p>\n<\/p>\n<\/p>\n<\/p>\n<\/p>\n<\/p>\n<\/p>\n<\/p>\n<\/p>\n<\/p>\n<\/p>\n<\/p>\n<\/p>\n<p><\/script><\/p>\n<h2>Our Clients<\/h2>\n<p><strong>(IMPORTERS \/ DISTRIBUIDORS IN THE HEALTH AREA)<br \/>\n<\/strong><\/p>\n<p><img loading=\"lazy\" decoding=\"async\" class=\"alignnone size-medium wp-image-247\" src=\"http:\/\/www.lelassessoria.com.br\/wp-content\/uploads\/2016\/02\/criobrasil-300x175.jpg\" alt=\"criobrasil\" width=\"300\" height=\"175\" \/>\u00a0 \u00a0<img loading=\"lazy\" decoding=\"async\" class=\"alignnone size-medium wp-image-297\" src=\"http:\/\/www.lelassessoria.com.br\/wp-content\/uploads\/2016\/02\/lr-dental-300x175.jpg\" alt=\"lr-dental\" width=\"300\" height=\"175\" \/>\u00a0 \u00a0<img loading=\"lazy\" decoding=\"async\" class=\"alignnone size-medium wp-image-238\" src=\"http:\/\/www.lelassessoria.com.br\/wp-content\/uploads\/2016\/02\/liveup-300x175.jpg\" alt=\"liveup\" width=\"300\" height=\"175\" \/><br \/>\n<img loading=\"lazy\" decoding=\"async\" class=\"alignnone size-medium wp-image-240\" src=\"http:\/\/www.lelassessoria.com.br\/wp-content\/uploads\/2016\/02\/medlab-300x175.jpg\" alt=\"medlab\" width=\"300\" height=\"175\" \/>\u00a0\u00a0<img loading=\"lazy\" decoding=\"async\" class=\"size-medium wp-image-257 alignnone\" src=\"http:\/\/www.lelassessoria.com.br\/wp-content\/uploads\/2016\/02\/Pdng-300x175.jpg\" alt=\"Pdng\" width=\"300\" height=\"175\" \/><\/p>\n<p><strong>(LOGISTICS \/ STORAGE AREA)<br \/>\n<\/strong><\/p>\n<p><img loading=\"lazy\" decoding=\"async\" class=\"alignnone size-medium wp-image-310\" src=\"http:\/\/www.lelassessoria.com.br\/wp-content\/uploads\/2016\/02\/dsr-300x175.jpg\" alt=\"dsr\" width=\"300\" height=\"175\" \/>\u00a0 \u00a0\u00a0<img loading=\"lazy\" decoding=\"async\" class=\"alignnone size-medium wp-image-241\" src=\"http:\/\/www.lelassessoria.com.br\/wp-content\/uploads\/2016\/02\/volpe-300x175.jpg\" alt=\"volpe\" width=\"300\" height=\"175\" \/>\u00a0\u00a0<img loading=\"lazy\" decoding=\"async\" class=\"alignnone size-medium wp-image-236\" src=\"http:\/\/www.lelassessoria.com.br\/wp-content\/uploads\/2016\/02\/cf-log-300x175.jpg\" alt=\"cf-log\" width=\"300\" height=\"175\" \/><\/p>\n<p><img loading=\"lazy\" decoding=\"async\" class=\"alignnone size-medium wp-image-298\" src=\"http:\/\/www.lelassessoria.com.br\/wp-content\/uploads\/2016\/02\/rodo-air-300x175.jpg\" alt=\"rodo-air\" width=\"300\" height=\"175\" \/>\u00a0\u00a0<img loading=\"lazy\" decoding=\"async\" class=\"alignnone size-medium wp-image-239\" src=\"http:\/\/www.lelassessoria.com.br\/wp-content\/uploads\/2016\/02\/lps-300x175.jpg\" alt=\"lps\" width=\"300\" height=\"175\" \/>\u00a0\u00a0<img loading=\"lazy\" decoding=\"async\" class=\"alignnone size-medium wp-image-270\" src=\"http:\/\/www.lelassessoria.com.br\/wp-content\/uploads\/2016\/02\/Logdi-300x175.jpg\" alt=\"Logdi\" width=\"300\" height=\"175\" \/>\u00a0\u00a0<img loading=\"lazy\" decoding=\"async\" class=\"alignnone size-medium wp-image-242\" src=\"http:\/\/www.lelassessoria.com.br\/wp-content\/uploads\/2016\/02\/agile-300x175.jpg\" alt=\"agile\" width=\"300\" height=\"175\" \/>\u00a0\u00a0<img loading=\"lazy\" decoding=\"async\" class=\"alignnone size-medium wp-image-277\" src=\"http:\/\/www.lelassessoria.com.br\/wp-content\/uploads\/2016\/02\/dva-1-300x175.jpg\" alt=\"dva\" width=\"300\" height=\"175\" \/>\u00a0\u00a0<img loading=\"lazy\" decoding=\"async\" class=\"alignnone size-medium wp-image-306\" src=\"http:\/\/www.lelassessoria.com.br\/wp-content\/uploads\/2016\/02\/modular-1-300x175.jpg\" alt=\"modular\" width=\"300\" height=\"175\" \/><\/p>\n<p><img loading=\"lazy\" decoding=\"async\" class=\"alignnone size-medium wp-image-259\" src=\"http:\/\/www.lelassessoria.com.br\/wp-content\/uploads\/2016\/02\/aguia-sul-300x175.jpg\" alt=\"aguia sul\" width=\"300\" height=\"175\" \/>\u00a0\u00a0<img loading=\"lazy\" decoding=\"async\" class=\"alignnone size-medium wp-image-237\" src=\"http:\/\/www.lelassessoria.com.br\/wp-content\/uploads\/2016\/02\/eagle-cargo-300x175.jpg\" alt=\"eagle-cargo\" width=\"300\" height=\"175\" \/>\u00a0\u00a0<img loading=\"lazy\" decoding=\"async\" class=\"alignnone size-medium wp-image-342\" src=\"http:\/\/www.lelassessoria.com.br\/wp-content\/uploads\/2016\/02\/VIVO-Transportes-300x175.png\" alt=\"VIVO-Transportes\" width=\"300\" height=\"175\" \/>\u00a0 \u00a0\u00a0<img loading=\"lazy\" decoding=\"async\" class=\"size-medium wp-image-474 alignleft\" src=\"http:\/\/www.lelassessoria.com.br\/wp-content\/uploads\/2016\/02\/LOGO-RODOBRAS-300x110.jpg\" alt=\"logo-rodobras\" width=\"300\" height=\"110\" srcset=\"http:\/\/www.lelassessoria.com.br\/wp-content\/uploads\/2016\/02\/LOGO-RODOBRAS-300x110.jpg 300w, http:\/\/www.lelassessoria.com.br\/wp-content\/uploads\/2016\/02\/LOGO-RODOBRAS-768x281.jpg 768w, http:\/\/www.lelassessoria.com.br\/wp-content\/uploads\/2016\/02\/LOGO-RODOBRAS-1024x375.jpg 1024w, http:\/\/www.lelassessoria.com.br\/wp-content\/uploads\/2016\/02\/LOGO-RODOBRAS.jpg 1030w\" sizes=\"auto, (max-width: 300px) 100vw, 300px\" \/><\/p>\n<h2 style=\"text-align: left;\"><\/h2>\n<h2 style=\"text-align: left;\"><\/h2>\n<h2 style=\"text-align: left;\">Our Partners<\/h2>\n<p><img loading=\"lazy\" decoding=\"async\" class=\"alignnone size-medium wp-image-251\" src=\"http:\/\/www.lelassessoria.com.br\/wp-content\/uploads\/2016\/02\/Rpdrigo-santos-300x175.jpg\" alt=\"Rpdrigo-santos\" width=\"300\" height=\"175\" \/><img loading=\"lazy\" decoding=\"async\" class=\"alignnone size-medium wp-image-158\" src=\"http:\/\/www.lelassessoria.com.br\/wp-content\/uploads\/2016\/03\/LS-Arquitetura-para-Site-LL-300x195.png\" alt=\"LS Arquitetura para Site L&amp;L\" width=\"300\" height=\"195\" srcset=\"http:\/\/www.lelassessoria.com.br\/wp-content\/uploads\/2016\/03\/LS-Arquitetura-para-Site-LL-300x195.png 300w, http:\/\/www.lelassessoria.com.br\/wp-content\/uploads\/2016\/03\/LS-Arquitetura-para-Site-LL.png 728w\" sizes=\"auto, (max-width: 300px) 100vw, 300px\" \/><img loading=\"lazy\" decoding=\"async\" class=\"alignnone size-medium wp-image-157\" src=\"http:\/\/www.lelassessoria.com.br\/wp-content\/uploads\/2016\/03\/Logo_GHB-300x175.png\" alt=\"Logo_GHB\" width=\"300\" height=\"175\" srcset=\"http:\/\/www.lelassessoria.com.br\/wp-content\/uploads\/2016\/03\/Logo_GHB-300x175.png 300w, http:\/\/www.lelassessoria.com.br\/wp-content\/uploads\/2016\/03\/Logo_GHB-768x448.png 768w, http:\/\/www.lelassessoria.com.br\/wp-content\/uploads\/2016\/03\/Logo_GHB-1024x597.png 1024w, http:\/\/www.lelassessoria.com.br\/wp-content\/uploads\/2016\/03\/Logo_GHB.png 1134w\" sizes=\"auto, (max-width: 300px) 100vw, 300px\" \/><\/p>\n","protected":false},"excerpt":{"rendered":"<p>Our Clients (IMPORTERS \/ DISTRIBUIDORS IN THE HEALTH AREA) \u00a0 \u00a0\u00a0 \u00a0 \u00a0\u00a0 (LOGISTICS \/ STORAGE AREA) \u00a0 \u00a0\u00a0\u00a0\u00a0 \u00a0\u00a0\u00a0\u00a0\u00a0\u00a0\u00a0\u00a0\u00a0\u00a0 \u00a0\u00a0\u00a0\u00a0\u00a0 \u00a0\u00a0 Our Partners<\/p>\n","protected":false},"author":1,"featured_media":0,"parent":0,"menu_order":0,"comment_status":"closed","ping_status":"closed","template":"","meta":{"_exactmetrics_skip_tracking":false,"_exactmetrics_sitenote_active":false,"_exactmetrics_sitenote_note":"","_exactmetrics_sitenote_category":0,"footnotes":""},"class_list":["post-97","page","type-page","status-publish","hentry"],"translation":{"provider":"WPGlobus","version":"3.0.0","language":"en","enabled_languages":["pt","en"],"languages":{"pt":{"title":true,"content":true,"excerpt":false},"en":{"title":true,"content":true,"excerpt":false}}},"yoast_head":"<!-- This site is optimized with the Yoast SEO plugin v26.5 - https:\/\/yoast.com\/wordpress\/plugins\/seo\/ -->\n<title>Clients and Partners - L&amp;L Assessoria<\/title>\n<meta name=\"robots\" content=\"index, follow, max-snippet:-1, max-image-preview:large, max-video-preview:-1\" \/>\n<link rel=\"canonical\" href=\"http:\/\/www.lelassessoria.com.br\/clientes\/\" \/>\n<meta property=\"og:locale\" content=\"en_US\" \/>\n<meta property=\"og:type\" content=\"article\" \/>\n<meta property=\"og:title\" content=\"Clients and Partners - L&amp;L Assessoria\" \/>\n<meta property=\"og:url\" content=\"http:\/\/www.lelassessoria.com.br\/clientes\/\" \/>\n<meta property=\"og:site_name\" content=\"L&amp;L Assessoria\" \/>\n<meta property=\"article:publisher\" content=\"https:\/\/www.facebook.com\/llassessoriafarmaceutica\" \/>\n<meta property=\"article:modified_time\" content=\"2020-05-19T21:18:07+00:00\" \/>\n<meta property=\"og:image\" content=\"http:\/\/www.lelassessoria.com.br\/wp-content\/uploads\/2016\/02\/criobrasil-300x175.jpg\" \/>\n<script type=\"application\/ld+json\" class=\"yoast-schema-graph\">{\"@context\":\"https:\/\/schema.org\",\"@graph\":[{\"@type\":\"WebPage\",\"@id\":\"http:\/\/www.lelassessoria.com.br\/clientes\/\",\"url\":\"http:\/\/www.lelassessoria.com.br\/clientes\/\",\"name\":\"Clientes e Parceiros - L&L Assessoria\",\"isPartOf\":{\"@id\":\"http:\/\/www.lelassessoria.com.br\/#website\"},\"primaryImageOfPage\":{\"@id\":\"http:\/\/www.lelassessoria.com.br\/clientes\/#primaryimage\"},\"image\":{\"@id\":\"http:\/\/www.lelassessoria.com.br\/clientes\/#primaryimage\"},\"thumbnailUrl\":\"http:\/\/www.lelassessoria.com.br\/wp-content\/uploads\/2016\/02\/criobrasil-300x175.jpg\",\"datePublished\":\"2016-02-22T13:18:22+00:00\",\"dateModified\":\"2020-05-19T21:18:07+00:00\",\"breadcrumb\":{\"@id\":\"http:\/\/www.lelassessoria.com.br\/clientes\/#breadcrumb\"},\"inLanguage\":\"en-US\",\"potentialAction\":[{\"@type\":\"ReadAction\",\"target\":[\"http:\/\/www.lelassessoria.com.br\/clientes\/\"]}]},{\"@type\":\"ImageObject\",\"inLanguage\":\"en-US\",\"@id\":\"http:\/\/www.lelassessoria.com.br\/clientes\/#primaryimage\",\"url\":\"http:\/\/www.lelassessoria.com.br\/wp-content\/uploads\/2016\/02\/criobrasil-300x175.jpg\",\"contentUrl\":\"http:\/\/www.lelassessoria.com.br\/wp-content\/uploads\/2016\/02\/criobrasil-300x175.jpg\"},{\"@type\":\"BreadcrumbList\",\"@id\":\"http:\/\/www.lelassessoria.com.br\/clientes\/#breadcrumb\",\"itemListElement\":[{\"@type\":\"ListItem\",\"position\":1,\"name\":\"In\u00edcio\",\"item\":\"http:\/\/www.lelassessoria.com.br\/\"},{\"@type\":\"ListItem\",\"position\":2,\"name\":\"Clientes e Parceiros\"}]},{\"@type\":\"WebSite\",\"@id\":\"http:\/\/www.lelassessoria.com.br\/#website\",\"url\":\"http:\/\/www.lelassessoria.com.br\/\",\"name\":\"L&amp;L Assessoria\",\"description\":\"Solu\u00e7\u00f5es em assessoria regulat\u00f3rias.\",\"publisher\":{\"@id\":\"http:\/\/www.lelassessoria.com.br\/#organization\"},\"potentialAction\":[{\"@type\":\"SearchAction\",\"target\":{\"@type\":\"EntryPoint\",\"urlTemplate\":\"http:\/\/www.lelassessoria.com.br\/?s={search_term_string}\"},\"query-input\":{\"@type\":\"PropertyValueSpecification\",\"valueRequired\":true,\"valueName\":\"search_term_string\"}}],\"inLanguage\":\"en-US\"},{\"@type\":\"Organization\",\"@id\":\"http:\/\/www.lelassessoria.com.br\/#organization\",\"name\":\"L&L Assessoria\",\"url\":\"http:\/\/www.lelassessoria.com.br\/\",\"logo\":{\"@type\":\"ImageObject\",\"inLanguage\":\"en-US\",\"@id\":\"http:\/\/www.lelassessoria.com.br\/#\/schema\/logo\/image\/\",\"url\":\"http:\/\/www.lelassessoria.com.br\/wp-content\/uploads\/2016\/02\/Logo-L-L-Assessoria4.png\",\"contentUrl\":\"http:\/\/www.lelassessoria.com.br\/wp-content\/uploads\/2016\/02\/Logo-L-L-Assessoria4.png\",\"width\":225,\"height\":80,\"caption\":\"L&L Assessoria\"},\"image\":{\"@id\":\"http:\/\/www.lelassessoria.com.br\/#\/schema\/logo\/image\/\"},\"sameAs\":[\"https:\/\/www.facebook.com\/llassessoriafarmaceutica\",\"https:\/\/www.linkedin.com\/in\/leticia-schnekenberg-a8107633\"]}]}<\/script>\n<!-- \/ Yoast SEO plugin. -->","yoast_head_json":{"title":"Clients and Partners - L&L Assessoria","robots":{"index":"index","follow":"follow","max-snippet":"max-snippet:-1","max-image-preview":"max-image-preview:large","max-video-preview":"max-video-preview:-1"},"canonical":"http:\/\/www.lelassessoria.com.br\/clientes\/","og_locale":"en_US","og_type":"article","og_title":"Clients and Partners - L&L Assessoria","og_url":"http:\/\/www.lelassessoria.com.br\/clientes\/","og_site_name":"L&amp;L Assessoria","article_publisher":"https:\/\/www.facebook.com\/llassessoriafarmaceutica","article_modified_time":"2020-05-19T21:18:07+00:00","og_image":[{"url":"http:\/\/www.lelassessoria.com.br\/wp-content\/uploads\/2016\/02\/criobrasil-300x175.jpg","type":"","width":"","height":""}],"schema":{"@context":"https:\/\/schema.org","@graph":[{"@type":"WebPage","@id":"http:\/\/www.lelassessoria.com.br\/clientes\/","url":"http:\/\/www.lelassessoria.com.br\/clientes\/","name":"Clientes e Parceiros - L&L Assessoria","isPartOf":{"@id":"http:\/\/www.lelassessoria.com.br\/#website"},"primaryImageOfPage":{"@id":"http:\/\/www.lelassessoria.com.br\/clientes\/#primaryimage"},"image":{"@id":"http:\/\/www.lelassessoria.com.br\/clientes\/#primaryimage"},"thumbnailUrl":"http:\/\/www.lelassessoria.com.br\/wp-content\/uploads\/2016\/02\/criobrasil-300x175.jpg","datePublished":"2016-02-22T13:18:22+00:00","dateModified":"2020-05-19T21:18:07+00:00","breadcrumb":{"@id":"http:\/\/www.lelassessoria.com.br\/clientes\/#breadcrumb"},"inLanguage":"en-US","potentialAction":[{"@type":"ReadAction","target":["http:\/\/www.lelassessoria.com.br\/clientes\/"]}]},{"@type":"ImageObject","inLanguage":"en-US","@id":"http:\/\/www.lelassessoria.com.br\/clientes\/#primaryimage","url":"http:\/\/www.lelassessoria.com.br\/wp-content\/uploads\/2016\/02\/criobrasil-300x175.jpg","contentUrl":"http:\/\/www.lelassessoria.com.br\/wp-content\/uploads\/2016\/02\/criobrasil-300x175.jpg"},{"@type":"BreadcrumbList","@id":"http:\/\/www.lelassessoria.com.br\/clientes\/#breadcrumb","itemListElement":[{"@type":"ListItem","position":1,"name":"In\u00edcio","item":"http:\/\/www.lelassessoria.com.br\/"},{"@type":"ListItem","position":2,"name":"Clientes e Parceiros"}]},{"@type":"WebSite","@id":"http:\/\/www.lelassessoria.com.br\/#website","url":"http:\/\/www.lelassessoria.com.br\/","name":"L&amp;L Assessoria","description":"Solu\u00e7\u00f5es em assessoria regulat\u00f3rias.","publisher":{"@id":"http:\/\/www.lelassessoria.com.br\/#organization"},"potentialAction":[{"@type":"SearchAction","target":{"@type":"EntryPoint","urlTemplate":"http:\/\/www.lelassessoria.com.br\/?s={search_term_string}"},"query-input":{"@type":"PropertyValueSpecification","valueRequired":true,"valueName":"search_term_string"}}],"inLanguage":"en-US"},{"@type":"Organization","@id":"http:\/\/www.lelassessoria.com.br\/#organization","name":"L&L Assessoria","url":"http:\/\/www.lelassessoria.com.br\/","logo":{"@type":"ImageObject","inLanguage":"en-US","@id":"http:\/\/www.lelassessoria.com.br\/#\/schema\/logo\/image\/","url":"http:\/\/www.lelassessoria.com.br\/wp-content\/uploads\/2016\/02\/Logo-L-L-Assessoria4.png","contentUrl":"http:\/\/www.lelassessoria.com.br\/wp-content\/uploads\/2016\/02\/Logo-L-L-Assessoria4.png","width":225,"height":80,"caption":"L&L Assessoria"},"image":{"@id":"http:\/\/www.lelassessoria.com.br\/#\/schema\/logo\/image\/"},"sameAs":["https:\/\/www.facebook.com\/llassessoriafarmaceutica","https:\/\/www.linkedin.com\/in\/leticia-schnekenberg-a8107633"]}]}},"_links":{"self":[{"href":"http:\/\/www.lelassessoria.com.br\/en\/wp-json\/wp\/v2\/pages\/97","targetHints":{"allow":["GET"]}}],"collection":[{"href":"http:\/\/www.lelassessoria.com.br\/en\/wp-json\/wp\/v2\/pages"}],"about":[{"href":"http:\/\/www.lelassessoria.com.br\/en\/wp-json\/wp\/v2\/types\/page"}],"author":[{"embeddable":true,"href":"http:\/\/www.lelassessoria.com.br\/en\/wp-json\/wp\/v2\/users\/1"}],"replies":[{"embeddable":true,"href":"http:\/\/www.lelassessoria.com.br\/en\/wp-json\/wp\/v2\/comments?post=97"}],"version-history":[{"count":11,"href":"http:\/\/www.lelassessoria.com.br\/en\/wp-json\/wp\/v2\/pages\/97\/revisions"}],"predecessor-version":[{"id":485,"href":"http:\/\/www.lelassessoria.com.br\/en\/wp-json\/wp\/v2\/pages\/97\/revisions\/485"}],"wp:attachment":[{"href":"http:\/\/www.lelassessoria.com.br\/en\/wp-json\/wp\/v2\/media?parent=97"}],"curies":[{"name":"wp","href":"https:\/\/api.w.org\/{rel}","templated":true}]}}