{"id":69,"date":"2016-02-19T16:27:11","date_gmt":"2016-02-19T16:27:11","guid":{"rendered":"http:\/\/lelassessoriacom.avenum.dominiotemporario.com\/?page_id=69"},"modified":"2016-12-22T23:04:18","modified_gmt":"2016-12-22T23:04:18","slug":"outros-servicos","status":"publish","type":"page","link":"http:\/\/www.lelassessoria.com.br\/en\/servicos\/outros-servicos\/","title":{"rendered":"Other services"},"content":{"rendered":"<p>L&#038;L Assessoria, in order to optimize processes for its customers and establish important partnerships, offers complement for the services and advice provided. So, our customers can still count with:<\/p>\n<ul>\n<li>Execution of architectural design and descriptive memorial for Sanitary Surveillance (PROJEVISA);<\/li>\n<li>Fire prevention training;<\/li>\n<li>CIPA Course and CIPA designated;<\/li>\n<li>Preparation of PPRA, PPP and LCAT;<\/li>\n<li>Legal advice \u2013 environmental and business;<\/li>\n<li>Administrative and judicial defense of environmental liabilities;<\/li>\n<li>Advisory and consulting for environmental licensing issue and renewal;<\/li>\n<li>International qualification for companies in the transport and logistics sector;<\/li>\n<li>Specialized legal advice on regulatory issues.<\/li>\n<\/ul>\n","protected":false},"excerpt":{"rendered":"<p>L&#038;L Assessoria, in order to optimize processes for its customers and establish important partnerships, offers complement for the services and advice provided. So, our customers can still count with: Execution of architectural design and descriptive memorial for Sanitary Surveillance (PROJEVISA);<\/p>\n","protected":false},"author":1,"featured_media":94,"parent":60,"menu_order":0,"comment_status":"closed","ping_status":"closed","template":"","meta":{"_exactmetrics_skip_tracking":false,"_exactmetrics_sitenote_active":false,"_exactmetrics_sitenote_note":"","_exactmetrics_sitenote_category":0,"footnotes":""},"class_list":["post-69","page","type-page","status-publish","has-post-thumbnail","hentry"],"translation":{"provider":"WPGlobus","version":"3.0.0","language":"en","enabled_languages":["pt","en"],"languages":{"pt":{"title":true,"content":true,"excerpt":false},"en":{"title":true,"content":true,"excerpt":false}}},"yoast_head":"<!-- This site is optimized with the Yoast SEO plugin v26.5 - https:\/\/yoast.com\/wordpress\/plugins\/seo\/ -->\n<title>Other Services - L&amp;L Assessoria<\/title>\n<meta name=\"robots\" content=\"index, follow, max-snippet:-1, max-image-preview:large, max-video-preview:-1\" \/>\n<link rel=\"canonical\" href=\"http:\/\/www.lelassessoria.com.br\/en\/servicos\/outros-servicos\/\" \/>\n<meta property=\"og:locale\" content=\"en_US\" \/>\n<meta property=\"og:type\" content=\"article\" \/>\n<meta property=\"og:title\" content=\"Other Services - L&amp;L Assessoria\" \/>\n<meta property=\"og:url\" content=\"http:\/\/www.lelassessoria.com.br\/en\/servicos\/outros-servicos\/\" \/>\n<meta property=\"og:site_name\" content=\"L&amp;L Assessoria\" \/>\n<meta property=\"article:publisher\" content=\"https:\/\/www.facebook.com\/llassessoriafarmaceutica\" \/>\n<meta property=\"article:modified_time\" content=\"2016-12-22T23:04:18+00:00\" \/>\n<meta property=\"og:image\" content=\"http:\/\/www.lelassessoria.com.br\/wp-content\/uploads\/2016\/02\/consultoria2.jpg\" \/>\n\t<meta property=\"og:image:width\" content=\"250\" \/>\n\t<meta property=\"og:image:height\" content=\"250\" \/>\n\t<meta property=\"og:image:type\" content=\"image\/jpeg\" \/>\n<meta name=\"twitter:label1\" content=\"Est. reading time\" \/>\n\t<meta name=\"twitter:data1\" content=\"1 minute\" \/>\n<script type=\"application\/ld+json\" class=\"yoast-schema-graph\">{\"@context\":\"https:\/\/schema.org\",\"@graph\":[{\"@type\":\"WebPage\",\"@id\":\"http:\/\/www.lelassessoria.com.br\/en\/servicos\/outros-servicos\/\",\"url\":\"http:\/\/www.lelassessoria.com.br\/en\/servicos\/outros-servicos\/\",\"name\":\"Other Services - L&L Assessoria\",\"isPartOf\":{\"@id\":\"http:\/\/www.lelassessoria.com.br\/#website\"},\"primaryImageOfPage\":{\"@id\":\"http:\/\/www.lelassessoria.com.br\/en\/servicos\/outros-servicos\/#primaryimage\"},\"image\":{\"@id\":\"http:\/\/www.lelassessoria.com.br\/en\/servicos\/outros-servicos\/#primaryimage\"},\"thumbnailUrl\":\"http:\/\/www.lelassessoria.com.br\/wp-content\/uploads\/2016\/02\/consultoria2.jpg\",\"datePublished\":\"2016-02-19T16:27:11+00:00\",\"dateModified\":\"2016-12-22T23:04:18+00:00\",\"breadcrumb\":{\"@id\":\"http:\/\/www.lelassessoria.com.br\/en\/servicos\/outros-servicos\/#breadcrumb\"},\"inLanguage\":\"en-US\",\"potentialAction\":[{\"@type\":\"ReadAction\",\"target\":[\"http:\/\/www.lelassessoria.com.br\/en\/servicos\/outros-servicos\/\"]}]},{\"@type\":\"ImageObject\",\"inLanguage\":\"en-US\",\"@id\":\"http:\/\/www.lelassessoria.com.br\/en\/servicos\/outros-servicos\/#primaryimage\",\"url\":\"http:\/\/www.lelassessoria.com.br\/wp-content\/uploads\/2016\/02\/consultoria2.jpg\",\"contentUrl\":\"http:\/\/www.lelassessoria.com.br\/wp-content\/uploads\/2016\/02\/consultoria2.jpg\",\"width\":250,\"height\":250},{\"@type\":\"BreadcrumbList\",\"@id\":\"http:\/\/www.lelassessoria.com.br\/en\/servicos\/outros-servicos\/#breadcrumb\",\"itemListElement\":[{\"@type\":\"ListItem\",\"position\":1,\"name\":\"In\u00edcio\",\"item\":\"http:\/\/www.lelassessoria.com.br\/\"},{\"@type\":\"ListItem\",\"position\":2,\"name\":\"Services\",\"item\":\"http:\/\/www.lelassessoria.com.br\/en\/servicos\/\"},{\"@type\":\"ListItem\",\"position\":3,\"name\":\"Other services\"}]},{\"@type\":\"WebSite\",\"@id\":\"http:\/\/www.lelassessoria.com.br\/#website\",\"url\":\"http:\/\/www.lelassessoria.com.br\/\",\"name\":\"L&amp;L Assessoria\",\"description\":\"Solu\u00e7\u00f5es em assessoria regulat\u00f3rias.\",\"publisher\":{\"@id\":\"http:\/\/www.lelassessoria.com.br\/#organization\"},\"potentialAction\":[{\"@type\":\"SearchAction\",\"target\":{\"@type\":\"EntryPoint\",\"urlTemplate\":\"http:\/\/www.lelassessoria.com.br\/?s={search_term_string}\"},\"query-input\":{\"@type\":\"PropertyValueSpecification\",\"valueRequired\":true,\"valueName\":\"search_term_string\"}}],\"inLanguage\":\"en-US\"},{\"@type\":\"Organization\",\"@id\":\"http:\/\/www.lelassessoria.com.br\/#organization\",\"name\":\"L&L Assessoria\",\"url\":\"http:\/\/www.lelassessoria.com.br\/\",\"logo\":{\"@type\":\"ImageObject\",\"inLanguage\":\"en-US\",\"@id\":\"http:\/\/www.lelassessoria.com.br\/#\/schema\/logo\/image\/\",\"url\":\"http:\/\/www.lelassessoria.com.br\/wp-content\/uploads\/2016\/02\/Logo-L-L-Assessoria4.png\",\"contentUrl\":\"http:\/\/www.lelassessoria.com.br\/wp-content\/uploads\/2016\/02\/Logo-L-L-Assessoria4.png\",\"width\":225,\"height\":80,\"caption\":\"L&L Assessoria\"},\"image\":{\"@id\":\"http:\/\/www.lelassessoria.com.br\/#\/schema\/logo\/image\/\"},\"sameAs\":[\"https:\/\/www.facebook.com\/llassessoriafarmaceutica\",\"https:\/\/www.linkedin.com\/in\/leticia-schnekenberg-a8107633\"]}]}<\/script>\n<!-- \/ Yoast SEO plugin. -->","yoast_head_json":{"title":"Other Services - L&L Assessoria","robots":{"index":"index","follow":"follow","max-snippet":"max-snippet:-1","max-image-preview":"max-image-preview:large","max-video-preview":"max-video-preview:-1"},"canonical":"http:\/\/www.lelassessoria.com.br\/en\/servicos\/outros-servicos\/","og_locale":"en_US","og_type":"article","og_title":"Other Services - L&L Assessoria","og_url":"http:\/\/www.lelassessoria.com.br\/en\/servicos\/outros-servicos\/","og_site_name":"L&amp;L Assessoria","article_publisher":"https:\/\/www.facebook.com\/llassessoriafarmaceutica","article_modified_time":"2016-12-22T23:04:18+00:00","og_image":[{"width":250,"height":250,"url":"http:\/\/www.lelassessoria.com.br\/wp-content\/uploads\/2016\/02\/consultoria2.jpg","type":"image\/jpeg"}],"twitter_misc":{"Est. reading time":"1 minute"},"schema":{"@context":"https:\/\/schema.org","@graph":[{"@type":"WebPage","@id":"http:\/\/www.lelassessoria.com.br\/en\/servicos\/outros-servicos\/","url":"http:\/\/www.lelassessoria.com.br\/en\/servicos\/outros-servicos\/","name":"Other Services - L&L Assessoria","isPartOf":{"@id":"http:\/\/www.lelassessoria.com.br\/#website"},"primaryImageOfPage":{"@id":"http:\/\/www.lelassessoria.com.br\/en\/servicos\/outros-servicos\/#primaryimage"},"image":{"@id":"http:\/\/www.lelassessoria.com.br\/en\/servicos\/outros-servicos\/#primaryimage"},"thumbnailUrl":"http:\/\/www.lelassessoria.com.br\/wp-content\/uploads\/2016\/02\/consultoria2.jpg","datePublished":"2016-02-19T16:27:11+00:00","dateModified":"2016-12-22T23:04:18+00:00","breadcrumb":{"@id":"http:\/\/www.lelassessoria.com.br\/en\/servicos\/outros-servicos\/#breadcrumb"},"inLanguage":"en-US","potentialAction":[{"@type":"ReadAction","target":["http:\/\/www.lelassessoria.com.br\/en\/servicos\/outros-servicos\/"]}]},{"@type":"ImageObject","inLanguage":"en-US","@id":"http:\/\/www.lelassessoria.com.br\/en\/servicos\/outros-servicos\/#primaryimage","url":"http:\/\/www.lelassessoria.com.br\/wp-content\/uploads\/2016\/02\/consultoria2.jpg","contentUrl":"http:\/\/www.lelassessoria.com.br\/wp-content\/uploads\/2016\/02\/consultoria2.jpg","width":250,"height":250},{"@type":"BreadcrumbList","@id":"http:\/\/www.lelassessoria.com.br\/en\/servicos\/outros-servicos\/#breadcrumb","itemListElement":[{"@type":"ListItem","position":1,"name":"In\u00edcio","item":"http:\/\/www.lelassessoria.com.br\/"},{"@type":"ListItem","position":2,"name":"Services","item":"http:\/\/www.lelassessoria.com.br\/en\/servicos\/"},{"@type":"ListItem","position":3,"name":"Other services"}]},{"@type":"WebSite","@id":"http:\/\/www.lelassessoria.com.br\/#website","url":"http:\/\/www.lelassessoria.com.br\/","name":"L&amp;L Assessoria","description":"Solu\u00e7\u00f5es em assessoria regulat\u00f3rias.","publisher":{"@id":"http:\/\/www.lelassessoria.com.br\/#organization"},"potentialAction":[{"@type":"SearchAction","target":{"@type":"EntryPoint","urlTemplate":"http:\/\/www.lelassessoria.com.br\/?s={search_term_string}"},"query-input":{"@type":"PropertyValueSpecification","valueRequired":true,"valueName":"search_term_string"}}],"inLanguage":"en-US"},{"@type":"Organization","@id":"http:\/\/www.lelassessoria.com.br\/#organization","name":"L&L Assessoria","url":"http:\/\/www.lelassessoria.com.br\/","logo":{"@type":"ImageObject","inLanguage":"en-US","@id":"http:\/\/www.lelassessoria.com.br\/#\/schema\/logo\/image\/","url":"http:\/\/www.lelassessoria.com.br\/wp-content\/uploads\/2016\/02\/Logo-L-L-Assessoria4.png","contentUrl":"http:\/\/www.lelassessoria.com.br\/wp-content\/uploads\/2016\/02\/Logo-L-L-Assessoria4.png","width":225,"height":80,"caption":"L&L Assessoria"},"image":{"@id":"http:\/\/www.lelassessoria.com.br\/#\/schema\/logo\/image\/"},"sameAs":["https:\/\/www.facebook.com\/llassessoriafarmaceutica","https:\/\/www.linkedin.com\/in\/leticia-schnekenberg-a8107633"]}]}},"_links":{"self":[{"href":"http:\/\/www.lelassessoria.com.br\/en\/wp-json\/wp\/v2\/pages\/69","targetHints":{"allow":["GET"]}}],"collection":[{"href":"http:\/\/www.lelassessoria.com.br\/en\/wp-json\/wp\/v2\/pages"}],"about":[{"href":"http:\/\/www.lelassessoria.com.br\/en\/wp-json\/wp\/v2\/types\/page"}],"author":[{"embeddable":true,"href":"http:\/\/www.lelassessoria.com.br\/en\/wp-json\/wp\/v2\/users\/1"}],"replies":[{"embeddable":true,"href":"http:\/\/www.lelassessoria.com.br\/en\/wp-json\/wp\/v2\/comments?post=69"}],"version-history":[{"count":9,"href":"http:\/\/www.lelassessoria.com.br\/en\/wp-json\/wp\/v2\/pages\/69\/revisions"}],"predecessor-version":[{"id":461,"href":"http:\/\/www.lelassessoria.com.br\/en\/wp-json\/wp\/v2\/pages\/69\/revisions\/461"}],"up":[{"embeddable":true,"href":"http:\/\/www.lelassessoria.com.br\/en\/wp-json\/wp\/v2\/pages\/60"}],"wp:featuredmedia":[{"embeddable":true,"href":"http:\/\/www.lelassessoria.com.br\/en\/wp-json\/wp\/v2\/media\/94"}],"wp:attachment":[{"href":"http:\/\/www.lelassessoria.com.br\/en\/wp-json\/wp\/v2\/media?parent=69"}],"curies":[{"name":"wp","href":"https:\/\/api.w.org\/{rel}","templated":true}]}}