{"id":63,"date":"2016-02-19T16:17:53","date_gmt":"2016-02-19T16:17:53","guid":{"rendered":"http:\/\/lelassessoriacom.avenum.dominiotemporario.com\/?page_id=63"},"modified":"2016-12-22T23:01:41","modified_gmt":"2016-12-22T23:01:41","slug":"institucional","status":"publish","type":"page","link":"http:\/\/www.lelassessoria.com.br\/en\/institucional\/","title":{"rendered":"Institutional"},"content":{"rendered":"<p><strong>HISTORY<\/strong><\/p>\n<p>In 2005, the company was founded by the pharmaceutist Leticia Schnekenberg, performing various jobs for logistics and transport companies, that want to perform the transport of products in the pharmaceutical segment.<\/p>\n<p>Many health care companies that claim to be authorized by ANVISA to perform their activities have difficulty in finding professionals to regulate them. With the first customers, and the indication to conduct new services, specialized employees were added to the team, and at that time the pharmaceutist Laura Brunetti becomes a partner of the company, which becomes L&#038;L Assessoria.<\/p>\n<p>The first customers, conquered in 2008, still work with the company, that have been establishing partnerships with other specialized industry professionals. Over time, the company has consolidated the provision of regulatory affairs services, certifications, auditing and product registration by ANVISA to transport companies, logistics, distributors and importers of healthcare products.<\/p>\n<p>In 2015, L&#038;L diversifies the focus of its work, focusing on customers who need specific advisory services, which led to significant changes to the company\u2019s growth. In order to exceed customer expectations, in 2016 the ownership team becomes Quality Management specialist, in order to design excellence to customers, speed and accuracy, ensuring the quality of services provided.<\/p>\n<p>L&#038;L Assessoria differentiates in its quality of performance in the execution of processes and agility in obtaining the necessary certifications for its customers.<\/p>\n<div class=\"tg-one-fourth tg-column-1\">\n<p><strong>MISSION<\/strong><\/p>\n<p>Innovate, develop and provide quality solutions to organizations seeking excellence in regulatory affairs, training and registration of products for FARMA segment for logistics companies, transportation, storage and distribution.<\/p>\n<\/div>\n<div class=\"tg-one-fourth tg-column-2\">\n<p><strong>VISION<\/strong><\/p>\n<p>To be recognized by the companies as an important partner when in need for assistance and advice on regulatory issues, certifications and audits considering our competence in providing solutions to our customers.<\/p>\n<\/div>\n<div class=\"tg-one-fourth tg-after-two-blocks-clearfix tg-column-3\">\n<p><strong>VALUES<\/strong><\/p>\n<ul>\n<li>Commitment;<\/li>\n<li>Responsibility;<\/li>\n<li>Ethics;<\/li>\n<li>Quality.<\/li>\n<\/ul>\n<\/div>\n<div class=\"tg-one-fourth tg-one-fourth-last tg-column-4\">\n<p><strong>QUALITY POLICY<\/strong><\/p>\n<p>Execute pharmaceutical advice guided by the regulatory system, maintaining continuous updating of employees, to obtain satisfactory results.<\/p>\n<\/div>\n","protected":false},"excerpt":{"rendered":"<p>HISTORY In 2005, the company was founded by the pharmaceutist Leticia Schnekenberg, performing various jobs for logistics and transport companies, that want to perform the transport of products in the pharmaceutical segment. Many health care companies that claim to be<\/p>\n","protected":false},"author":1,"featured_media":0,"parent":0,"menu_order":0,"comment_status":"closed","ping_status":"closed","template":"","meta":{"_exactmetrics_skip_tracking":false,"_exactmetrics_sitenote_active":false,"_exactmetrics_sitenote_note":"","_exactmetrics_sitenote_category":0,"footnotes":""},"class_list":["post-63","page","type-page","status-publish","hentry"],"translation":{"provider":"WPGlobus","version":"3.0.0","language":"en","enabled_languages":["pt","en"],"languages":{"pt":{"title":true,"content":true,"excerpt":false},"en":{"title":true,"content":true,"excerpt":false}}},"yoast_head":"<!-- This site is optimized with the Yoast SEO plugin v26.5 - https:\/\/yoast.com\/wordpress\/plugins\/seo\/ -->\n<title>Institutional L&amp;L Assessoria<\/title>\n<meta name=\"robots\" content=\"index, follow, max-snippet:-1, max-image-preview:large, max-video-preview:-1\" \/>\n<link rel=\"canonical\" href=\"http:\/\/www.lelassessoria.com.br\/institucional\/\" \/>\n<meta property=\"og:locale\" content=\"en_US\" \/>\n<meta property=\"og:type\" content=\"article\" \/>\n<meta property=\"og:title\" content=\"Institutional L&amp;L Assessoria\" \/>\n<meta property=\"og:url\" content=\"http:\/\/www.lelassessoria.com.br\/institucional\/\" \/>\n<meta property=\"og:site_name\" content=\"L&amp;L Assessoria\" \/>\n<meta property=\"article:publisher\" content=\"https:\/\/www.facebook.com\/llassessoriafarmaceutica\" \/>\n<meta property=\"article:modified_time\" content=\"2016-12-22T23:01:41+00:00\" \/>\n<meta name=\"twitter:label1\" content=\"Est. reading time\" \/>\n\t<meta name=\"twitter:data1\" content=\"3 minutes\" \/>\n<script type=\"application\/ld+json\" class=\"yoast-schema-graph\">{\"@context\":\"https:\/\/schema.org\",\"@graph\":[{\"@type\":\"WebPage\",\"@id\":\"http:\/\/www.lelassessoria.com.br\/institucional\/\",\"url\":\"http:\/\/www.lelassessoria.com.br\/institucional\/\",\"name\":\"Institucional - L&L Assessoria Farmaceutica\",\"isPartOf\":{\"@id\":\"http:\/\/www.lelassessoria.com.br\/#website\"},\"datePublished\":\"2016-02-19T16:17:53+00:00\",\"dateModified\":\"2016-12-22T23:01:41+00:00\",\"description\":\"O diferencial da L&L Assessoria \u00e9 o desempenho de qualidade na execu\u00e7\u00e3o dos processos e agilidade na obten\u00e7\u00e3o das certifica\u00e7\u00f5es para seus clientes.\",\"breadcrumb\":{\"@id\":\"http:\/\/www.lelassessoria.com.br\/institucional\/#breadcrumb\"},\"inLanguage\":\"en-US\",\"potentialAction\":[{\"@type\":\"ReadAction\",\"target\":[\"http:\/\/www.lelassessoria.com.br\/institucional\/\"]}]},{\"@type\":\"BreadcrumbList\",\"@id\":\"http:\/\/www.lelassessoria.com.br\/institucional\/#breadcrumb\",\"itemListElement\":[{\"@type\":\"ListItem\",\"position\":1,\"name\":\"In\u00edcio\",\"item\":\"http:\/\/www.lelassessoria.com.br\/\"},{\"@type\":\"ListItem\",\"position\":2,\"name\":\"Institucional\"}]},{\"@type\":\"WebSite\",\"@id\":\"http:\/\/www.lelassessoria.com.br\/#website\",\"url\":\"http:\/\/www.lelassessoria.com.br\/\",\"name\":\"L&amp;L Assessoria\",\"description\":\"Solu\u00e7\u00f5es em assessoria regulat\u00f3rias.\",\"publisher\":{\"@id\":\"http:\/\/www.lelassessoria.com.br\/#organization\"},\"potentialAction\":[{\"@type\":\"SearchAction\",\"target\":{\"@type\":\"EntryPoint\",\"urlTemplate\":\"http:\/\/www.lelassessoria.com.br\/?s={search_term_string}\"},\"query-input\":{\"@type\":\"PropertyValueSpecification\",\"valueRequired\":true,\"valueName\":\"search_term_string\"}}],\"inLanguage\":\"en-US\"},{\"@type\":\"Organization\",\"@id\":\"http:\/\/www.lelassessoria.com.br\/#organization\",\"name\":\"L&L Assessoria\",\"url\":\"http:\/\/www.lelassessoria.com.br\/\",\"logo\":{\"@type\":\"ImageObject\",\"inLanguage\":\"en-US\",\"@id\":\"http:\/\/www.lelassessoria.com.br\/#\/schema\/logo\/image\/\",\"url\":\"http:\/\/www.lelassessoria.com.br\/wp-content\/uploads\/2016\/02\/Logo-L-L-Assessoria4.png\",\"contentUrl\":\"http:\/\/www.lelassessoria.com.br\/wp-content\/uploads\/2016\/02\/Logo-L-L-Assessoria4.png\",\"width\":225,\"height\":80,\"caption\":\"L&L Assessoria\"},\"image\":{\"@id\":\"http:\/\/www.lelassessoria.com.br\/#\/schema\/logo\/image\/\"},\"sameAs\":[\"https:\/\/www.facebook.com\/llassessoriafarmaceutica\",\"https:\/\/www.linkedin.com\/in\/leticia-schnekenberg-a8107633\"]}]}<\/script>\n<!-- \/ Yoast SEO plugin. -->","yoast_head_json":{"title":"Institutional L&L Assessoria","robots":{"index":"index","follow":"follow","max-snippet":"max-snippet:-1","max-image-preview":"max-image-preview:large","max-video-preview":"max-video-preview:-1"},"canonical":"http:\/\/www.lelassessoria.com.br\/institucional\/","og_locale":"en_US","og_type":"article","og_title":"Institutional L&L Assessoria","og_url":"http:\/\/www.lelassessoria.com.br\/institucional\/","og_site_name":"L&amp;L Assessoria","article_publisher":"https:\/\/www.facebook.com\/llassessoriafarmaceutica","article_modified_time":"2016-12-22T23:01:41+00:00","twitter_misc":{"Est. reading time":"3 minutes"},"schema":{"@context":"https:\/\/schema.org","@graph":[{"@type":"WebPage","@id":"http:\/\/www.lelassessoria.com.br\/institucional\/","url":"http:\/\/www.lelassessoria.com.br\/institucional\/","name":"Institucional - L&L Assessoria Farmaceutica","isPartOf":{"@id":"http:\/\/www.lelassessoria.com.br\/#website"},"datePublished":"2016-02-19T16:17:53+00:00","dateModified":"2016-12-22T23:01:41+00:00","description":"O diferencial da L&L Assessoria \u00e9 o desempenho de qualidade na execu\u00e7\u00e3o dos processos e agilidade na obten\u00e7\u00e3o das certifica\u00e7\u00f5es para seus clientes.","breadcrumb":{"@id":"http:\/\/www.lelassessoria.com.br\/institucional\/#breadcrumb"},"inLanguage":"en-US","potentialAction":[{"@type":"ReadAction","target":["http:\/\/www.lelassessoria.com.br\/institucional\/"]}]},{"@type":"BreadcrumbList","@id":"http:\/\/www.lelassessoria.com.br\/institucional\/#breadcrumb","itemListElement":[{"@type":"ListItem","position":1,"name":"In\u00edcio","item":"http:\/\/www.lelassessoria.com.br\/"},{"@type":"ListItem","position":2,"name":"Institucional"}]},{"@type":"WebSite","@id":"http:\/\/www.lelassessoria.com.br\/#website","url":"http:\/\/www.lelassessoria.com.br\/","name":"L&amp;L Assessoria","description":"Solu\u00e7\u00f5es em assessoria regulat\u00f3rias.","publisher":{"@id":"http:\/\/www.lelassessoria.com.br\/#organization"},"potentialAction":[{"@type":"SearchAction","target":{"@type":"EntryPoint","urlTemplate":"http:\/\/www.lelassessoria.com.br\/?s={search_term_string}"},"query-input":{"@type":"PropertyValueSpecification","valueRequired":true,"valueName":"search_term_string"}}],"inLanguage":"en-US"},{"@type":"Organization","@id":"http:\/\/www.lelassessoria.com.br\/#organization","name":"L&L Assessoria","url":"http:\/\/www.lelassessoria.com.br\/","logo":{"@type":"ImageObject","inLanguage":"en-US","@id":"http:\/\/www.lelassessoria.com.br\/#\/schema\/logo\/image\/","url":"http:\/\/www.lelassessoria.com.br\/wp-content\/uploads\/2016\/02\/Logo-L-L-Assessoria4.png","contentUrl":"http:\/\/www.lelassessoria.com.br\/wp-content\/uploads\/2016\/02\/Logo-L-L-Assessoria4.png","width":225,"height":80,"caption":"L&L Assessoria"},"image":{"@id":"http:\/\/www.lelassessoria.com.br\/#\/schema\/logo\/image\/"},"sameAs":["https:\/\/www.facebook.com\/llassessoriafarmaceutica","https:\/\/www.linkedin.com\/in\/leticia-schnekenberg-a8107633"]}]}},"_links":{"self":[{"href":"http:\/\/www.lelassessoria.com.br\/en\/wp-json\/wp\/v2\/pages\/63","targetHints":{"allow":["GET"]}}],"collection":[{"href":"http:\/\/www.lelassessoria.com.br\/en\/wp-json\/wp\/v2\/pages"}],"about":[{"href":"http:\/\/www.lelassessoria.com.br\/en\/wp-json\/wp\/v2\/types\/page"}],"author":[{"embeddable":true,"href":"http:\/\/www.lelassessoria.com.br\/en\/wp-json\/wp\/v2\/users\/1"}],"replies":[{"embeddable":true,"href":"http:\/\/www.lelassessoria.com.br\/en\/wp-json\/wp\/v2\/comments?post=63"}],"version-history":[{"count":18,"href":"http:\/\/www.lelassessoria.com.br\/en\/wp-json\/wp\/v2\/pages\/63\/revisions"}],"predecessor-version":[{"id":455,"href":"http:\/\/www.lelassessoria.com.br\/en\/wp-json\/wp\/v2\/pages\/63\/revisions\/455"}],"wp:attachment":[{"href":"http:\/\/www.lelassessoria.com.br\/en\/wp-json\/wp\/v2\/media?parent=63"}],"curies":[{"name":"wp","href":"https:\/\/api.w.org\/{rel}","templated":true}]}}