{"id":19,"date":"2016-02-19T12:51:53","date_gmt":"2016-02-19T12:51:53","guid":{"rendered":"http:\/\/lelassessoriacom.avenum.dominiotemporario.com\/?page_id=19"},"modified":"2019-11-13T19:26:28","modified_gmt":"2019-11-13T19:26:28","slug":"novidades","status":"publish","type":"page","link":"http:\/\/www.lelassessoria.com.br\/en\/novidades\/","title":{"rendered":"News"},"content":{"rendered":"<div id=\"pl-19\"  class=\"panel-layout\" ><div id=\"pg-19-0\"  class=\"panel-grid panel-no-style\" ><div id=\"pgc-19-0-0\"  class=\"panel-grid-cell\" >\n\t\t<div id=\"panel-19-0-0-0\" class=\"so-panel widget widget_recent-posts widget_recent_entries panel-first-child panel-last-child\" data-index=\"0\" >\n\t\t<h3 class=\"widget-title\">\u00daltimas novidades<\/h3>\n\t\t<ul>\n\t\t\t\t\t\t\t\t\t\t\t<li>\n\t\t\t\t\t<a href=\"http:\/\/www.lelassessoria.com.br\/en\/notificacaoregistro-produtos-de-higiene-pessoal-cosmeticos-e-perfumes\/\">Notifica\u00e7\u00e3o\\Registro Produtos de Higiene Pessoal, Cosm\u00e9ticos e Perfumes<\/a>\n\t\t\t\t\t\t\t\t\t\t\t<span class=\"post-date\">November 21, 2019<\/span>\n\t\t\t\t\t\t\t\t\t<\/li>\n\t\t\t\t\t\t\t\t\t\t\t<li>\n\t\t\t\t\t<a href=\"http:\/\/www.lelassessoria.com.br\/en\/pratique-a-gentileza\/\">Pratique a GENTILEZA!<\/a>\n\t\t\t\t\t\t\t\t\t\t\t<span class=\"post-date\">November 13, 2019<\/span>\n\t\t\t\t\t\t\t\t\t<\/li>\n\t\t\t\t\t\t\t\t\t\t\t<li>\n\t\t\t\t\t<a href=\"http:\/\/www.lelassessoria.com.br\/en\/gestao-de-tecnovigilancia-e-vigilancia-pos-mercado\/\">Gest\u00e3o de Tecnovigil\u00e2ncia e Vigil\u00e2ncia P\u00f3s-Mercado<\/a>\n\t\t\t\t\t\t\t\t\t\t\t<span class=\"post-date\">November 2, 2019<\/span>\n\t\t\t\t\t\t\t\t\t<\/li>\n\t\t\t\t\t\t\t\t\t\t\t<li>\n\t\t\t\t\t<a href=\"http:\/\/www.lelassessoria.com.br\/en\/novembro-azul\/\">Novembro Azul<\/a>\n\t\t\t\t\t\t\t\t\t\t\t<span class=\"post-date\">November 1, 2019<\/span>\n\t\t\t\t\t\t\t\t\t<\/li>\n\t\t\t\t\t\t\t\t\t\t\t<li>\n\t\t\t\t\t<a href=\"http:\/\/www.lelassessoria.com.br\/en\/feliz-dia-dos-professores\/\">Feliz Dia dos Professores!<\/a>\n\t\t\t\t\t\t\t\t\t\t\t<span class=\"post-date\">October 15, 2019<\/span>\n\t\t\t\t\t\t\t\t\t<\/li>\n\t\t\t\t\t\t\t\t\t\t\t<li>\n\t\t\t\t\t<a href=\"http:\/\/www.lelassessoria.com.br\/en\/outubro-rosa-2\/\">Outubro Rosa<\/a>\n\t\t\t\t\t\t\t\t\t\t\t<span class=\"post-date\">October 1, 2019<\/span>\n\t\t\t\t\t\t\t\t\t<\/li>\n\t\t\t\t\t\t\t\t\t\t\t<li>\n\t\t\t\t\t<a href=\"http:\/\/www.lelassessoria.com.br\/en\/feliz-ano-novo\/\">Feliz Ano Novo!<\/a>\n\t\t\t\t\t\t\t\t\t\t\t<span class=\"post-date\">December 31, 2016<\/span>\n\t\t\t\t\t\t\t\t\t<\/li>\n\t\t\t\t\t\t\t\t\t\t\t<li>\n\t\t\t\t\t<a href=\"http:\/\/www.lelassessoria.com.br\/en\/feliz-natal\/\">Feliz Natal!<\/a>\n\t\t\t\t\t\t\t\t\t\t\t<span class=\"post-date\">December 6, 2016<\/span>\n\t\t\t\t\t\t\t\t\t<\/li>\n\t\t\t\t\t<\/ul>\n\n\t\t<\/div><\/div><\/div><\/div>","protected":false},"excerpt":{"rendered":"<p>\u00daltimas novidades Notifica\u00e7\u00e3o\\Registro Produtos de Higiene Pessoal, Cosm\u00e9ticos e Perfumes November 21, 2019 Pratique a GENTILEZA! November 13, 2019 Gest\u00e3o de Tecnovigil\u00e2ncia e Vigil\u00e2ncia P\u00f3s-Mercado November 2, 2019 Novembro Azul November 1, 2019 Feliz Dia dos Professores! October 15, 2019<\/p>\n","protected":false},"author":1,"featured_media":57,"parent":0,"menu_order":0,"comment_status":"closed","ping_status":"closed","template":"","meta":{"_exactmetrics_skip_tracking":false,"_exactmetrics_sitenote_active":false,"_exactmetrics_sitenote_note":"","_exactmetrics_sitenote_category":0,"footnotes":""},"class_list":["post-19","page","type-page","status-publish","has-post-thumbnail","hentry"],"translation":{"provider":"WPGlobus","version":"3.0.0","language":"en","enabled_languages":["pt","en"],"languages":{"pt":{"title":true,"content":true,"excerpt":false},"en":{"title":true,"content":false,"excerpt":false}}},"yoast_head":"<!-- This site is optimized with the Yoast SEO plugin v26.5 - https:\/\/yoast.com\/wordpress\/plugins\/seo\/ -->\n<title>News - L&amp;L Assessoria<\/title>\n<meta name=\"robots\" content=\"index, follow, max-snippet:-1, max-image-preview:large, max-video-preview:-1\" \/>\n<link rel=\"canonical\" href=\"http:\/\/www.lelassessoria.com.br\/en\/novidades\/\" \/>\n<meta property=\"og:locale\" content=\"en_US\" \/>\n<meta property=\"og:type\" content=\"article\" \/>\n<meta property=\"og:title\" content=\"News - L&amp;L Assessoria\" \/>\n<meta property=\"og:url\" content=\"http:\/\/www.lelassessoria.com.br\/en\/novidades\/\" \/>\n<meta property=\"og:site_name\" content=\"L&amp;L Assessoria\" \/>\n<meta property=\"article:publisher\" content=\"https:\/\/www.facebook.com\/llassessoriafarmaceutica\" \/>\n<meta property=\"article:modified_time\" content=\"2019-11-13T19:26:28+00:00\" \/>\n<meta property=\"og:image\" content=\"http:\/\/www.lelassessoria.com.br\/wp-content\/uploads\/2016\/02\/recommended_blog_4.jpg\" \/>\n\t<meta property=\"og:image:width\" content=\"652\" \/>\n\t<meta property=\"og:image:height\" content=\"318\" \/>\n\t<meta property=\"og:image:type\" content=\"image\/jpeg\" \/>\n<script type=\"application\/ld+json\" class=\"yoast-schema-graph\">{\"@context\":\"https:\/\/schema.org\",\"@graph\":[{\"@type\":\"WebPage\",\"@id\":\"http:\/\/www.lelassessoria.com.br\/en\/novidades\/\",\"url\":\"http:\/\/www.lelassessoria.com.br\/en\/novidades\/\",\"name\":\"News - L&L Assessoria\",\"isPartOf\":{\"@id\":\"http:\/\/www.lelassessoria.com.br\/#website\"},\"primaryImageOfPage\":{\"@id\":\"http:\/\/www.lelassessoria.com.br\/en\/novidades\/#primaryimage\"},\"image\":{\"@id\":\"http:\/\/www.lelassessoria.com.br\/en\/novidades\/#primaryimage\"},\"thumbnailUrl\":\"http:\/\/www.lelassessoria.com.br\/wp-content\/uploads\/2016\/02\/recommended_blog_4.jpg\",\"datePublished\":\"2016-02-19T12:51:53+00:00\",\"dateModified\":\"2019-11-13T19:26:28+00:00\",\"description\":\"\",\"breadcrumb\":{\"@id\":\"http:\/\/www.lelassessoria.com.br\/en\/novidades\/#breadcrumb\"},\"inLanguage\":\"en-US\",\"potentialAction\":[{\"@type\":\"ReadAction\",\"target\":[\"http:\/\/www.lelassessoria.com.br\/en\/novidades\/\"]}]},{\"@type\":\"ImageObject\",\"inLanguage\":\"en-US\",\"@id\":\"http:\/\/www.lelassessoria.com.br\/en\/novidades\/#primaryimage\",\"url\":\"http:\/\/www.lelassessoria.com.br\/wp-content\/uploads\/2016\/02\/recommended_blog_4.jpg\",\"contentUrl\":\"http:\/\/www.lelassessoria.com.br\/wp-content\/uploads\/2016\/02\/recommended_blog_4.jpg\",\"width\":652,\"height\":318},{\"@type\":\"BreadcrumbList\",\"@id\":\"http:\/\/www.lelassessoria.com.br\/en\/novidades\/#breadcrumb\",\"itemListElement\":[{\"@type\":\"ListItem\",\"position\":1,\"name\":\"In\u00edcio\",\"item\":\"http:\/\/www.lelassessoria.com.br\/\"},{\"@type\":\"ListItem\",\"position\":2,\"name\":\"News\"}]},{\"@type\":\"WebSite\",\"@id\":\"http:\/\/www.lelassessoria.com.br\/#website\",\"url\":\"http:\/\/www.lelassessoria.com.br\/\",\"name\":\"L&amp;L Assessoria\",\"description\":\"Solu\u00e7\u00f5es em assessoria regulat\u00f3rias.\",\"publisher\":{\"@id\":\"http:\/\/www.lelassessoria.com.br\/#organization\"},\"potentialAction\":[{\"@type\":\"SearchAction\",\"target\":{\"@type\":\"EntryPoint\",\"urlTemplate\":\"http:\/\/www.lelassessoria.com.br\/?s={search_term_string}\"},\"query-input\":{\"@type\":\"PropertyValueSpecification\",\"valueRequired\":true,\"valueName\":\"search_term_string\"}}],\"inLanguage\":\"en-US\"},{\"@type\":\"Organization\",\"@id\":\"http:\/\/www.lelassessoria.com.br\/#organization\",\"name\":\"L&L Assessoria\",\"url\":\"http:\/\/www.lelassessoria.com.br\/\",\"logo\":{\"@type\":\"ImageObject\",\"inLanguage\":\"en-US\",\"@id\":\"http:\/\/www.lelassessoria.com.br\/#\/schema\/logo\/image\/\",\"url\":\"http:\/\/www.lelassessoria.com.br\/wp-content\/uploads\/2016\/02\/Logo-L-L-Assessoria4.png\",\"contentUrl\":\"http:\/\/www.lelassessoria.com.br\/wp-content\/uploads\/2016\/02\/Logo-L-L-Assessoria4.png\",\"width\":225,\"height\":80,\"caption\":\"L&L Assessoria\"},\"image\":{\"@id\":\"http:\/\/www.lelassessoria.com.br\/#\/schema\/logo\/image\/\"},\"sameAs\":[\"https:\/\/www.facebook.com\/llassessoriafarmaceutica\",\"https:\/\/www.linkedin.com\/in\/leticia-schnekenberg-a8107633\"]}]}<\/script>\n<!-- \/ Yoast SEO plugin. -->","yoast_head_json":{"title":"News - L&L Assessoria","robots":{"index":"index","follow":"follow","max-snippet":"max-snippet:-1","max-image-preview":"max-image-preview:large","max-video-preview":"max-video-preview:-1"},"canonical":"http:\/\/www.lelassessoria.com.br\/en\/novidades\/","og_locale":"en_US","og_type":"article","og_title":"News - L&L Assessoria","og_url":"http:\/\/www.lelassessoria.com.br\/en\/novidades\/","og_site_name":"L&amp;L Assessoria","article_publisher":"https:\/\/www.facebook.com\/llassessoriafarmaceutica","article_modified_time":"2019-11-13T19:26:28+00:00","og_image":[{"width":652,"height":318,"url":"http:\/\/www.lelassessoria.com.br\/wp-content\/uploads\/2016\/02\/recommended_blog_4.jpg","type":"image\/jpeg"}],"schema":{"@context":"https:\/\/schema.org","@graph":[{"@type":"WebPage","@id":"http:\/\/www.lelassessoria.com.br\/en\/novidades\/","url":"http:\/\/www.lelassessoria.com.br\/en\/novidades\/","name":"News - L&L Assessoria","isPartOf":{"@id":"http:\/\/www.lelassessoria.com.br\/#website"},"primaryImageOfPage":{"@id":"http:\/\/www.lelassessoria.com.br\/en\/novidades\/#primaryimage"},"image":{"@id":"http:\/\/www.lelassessoria.com.br\/en\/novidades\/#primaryimage"},"thumbnailUrl":"http:\/\/www.lelassessoria.com.br\/wp-content\/uploads\/2016\/02\/recommended_blog_4.jpg","datePublished":"2016-02-19T12:51:53+00:00","dateModified":"2019-11-13T19:26:28+00:00","description":"","breadcrumb":{"@id":"http:\/\/www.lelassessoria.com.br\/en\/novidades\/#breadcrumb"},"inLanguage":"en-US","potentialAction":[{"@type":"ReadAction","target":["http:\/\/www.lelassessoria.com.br\/en\/novidades\/"]}]},{"@type":"ImageObject","inLanguage":"en-US","@id":"http:\/\/www.lelassessoria.com.br\/en\/novidades\/#primaryimage","url":"http:\/\/www.lelassessoria.com.br\/wp-content\/uploads\/2016\/02\/recommended_blog_4.jpg","contentUrl":"http:\/\/www.lelassessoria.com.br\/wp-content\/uploads\/2016\/02\/recommended_blog_4.jpg","width":652,"height":318},{"@type":"BreadcrumbList","@id":"http:\/\/www.lelassessoria.com.br\/en\/novidades\/#breadcrumb","itemListElement":[{"@type":"ListItem","position":1,"name":"In\u00edcio","item":"http:\/\/www.lelassessoria.com.br\/"},{"@type":"ListItem","position":2,"name":"News"}]},{"@type":"WebSite","@id":"http:\/\/www.lelassessoria.com.br\/#website","url":"http:\/\/www.lelassessoria.com.br\/","name":"L&amp;L Assessoria","description":"Solu\u00e7\u00f5es em assessoria regulat\u00f3rias.","publisher":{"@id":"http:\/\/www.lelassessoria.com.br\/#organization"},"potentialAction":[{"@type":"SearchAction","target":{"@type":"EntryPoint","urlTemplate":"http:\/\/www.lelassessoria.com.br\/?s={search_term_string}"},"query-input":{"@type":"PropertyValueSpecification","valueRequired":true,"valueName":"search_term_string"}}],"inLanguage":"en-US"},{"@type":"Organization","@id":"http:\/\/www.lelassessoria.com.br\/#organization","name":"L&L Assessoria","url":"http:\/\/www.lelassessoria.com.br\/","logo":{"@type":"ImageObject","inLanguage":"en-US","@id":"http:\/\/www.lelassessoria.com.br\/#\/schema\/logo\/image\/","url":"http:\/\/www.lelassessoria.com.br\/wp-content\/uploads\/2016\/02\/Logo-L-L-Assessoria4.png","contentUrl":"http:\/\/www.lelassessoria.com.br\/wp-content\/uploads\/2016\/02\/Logo-L-L-Assessoria4.png","width":225,"height":80,"caption":"L&L Assessoria"},"image":{"@id":"http:\/\/www.lelassessoria.com.br\/#\/schema\/logo\/image\/"},"sameAs":["https:\/\/www.facebook.com\/llassessoriafarmaceutica","https:\/\/www.linkedin.com\/in\/leticia-schnekenberg-a8107633"]}]}},"_links":{"self":[{"href":"http:\/\/www.lelassessoria.com.br\/en\/wp-json\/wp\/v2\/pages\/19","targetHints":{"allow":["GET"]}}],"collection":[{"href":"http:\/\/www.lelassessoria.com.br\/en\/wp-json\/wp\/v2\/pages"}],"about":[{"href":"http:\/\/www.lelassessoria.com.br\/en\/wp-json\/wp\/v2\/types\/page"}],"author":[{"embeddable":true,"href":"http:\/\/www.lelassessoria.com.br\/en\/wp-json\/wp\/v2\/users\/1"}],"replies":[{"embeddable":true,"href":"http:\/\/www.lelassessoria.com.br\/en\/wp-json\/wp\/v2\/comments?post=19"}],"version-history":[{"count":7,"href":"http:\/\/www.lelassessoria.com.br\/en\/wp-json\/wp\/v2\/pages\/19\/revisions"}],"predecessor-version":[{"id":525,"href":"http:\/\/www.lelassessoria.com.br\/en\/wp-json\/wp\/v2\/pages\/19\/revisions\/525"}],"wp:featuredmedia":[{"embeddable":true,"href":"http:\/\/www.lelassessoria.com.br\/en\/wp-json\/wp\/v2\/media\/57"}],"wp:attachment":[{"href":"http:\/\/www.lelassessoria.com.br\/en\/wp-json\/wp\/v2\/media?parent=19"}],"curies":[{"name":"wp","href":"https:\/\/api.w.org\/{rel}","templated":true}]}}