{"id":17,"date":"2016-02-19T12:51:19","date_gmt":"2016-02-19T12:51:19","guid":{"rendered":"http:\/\/lelassessoriacom.avenum.dominiotemporario.com\/?page_id=17"},"modified":"2016-12-22T23:03:29","modified_gmt":"2016-12-22T23:03:29","slug":"auditoria","status":"publish","type":"page","link":"http:\/\/www.lelassessoria.com.br\/en\/servicos\/auditoria\/","title":{"rendered":"Auditing"},"content":{"rendered":"<p>Periodic audits are carried out by companies from various sectors for an evaluation of its quality management system. The team at L &#038; L Advisory can assist these companies in managing their quality programs , legal and regulatory documentation. The services offered in this area are:<\/p>\n<div class=\"tg-one-half tg-column-1\">\n<p><strong>QUALITY MANAGEMENT SYSTEM AUDIT<\/strong><\/p>\n<ul>\n<li>Legal documentation analysis;<\/li>\n<li>Manufacturing, import and distribution processes analysis;<\/li>\n<li>Quality assurance review;<\/li>\n<li>If identified, adjustments guidance and suggesting.<\/li>\n<\/ul>\n<\/div>\n<div class=\"tg-one-half tg-one-half-last tg-column-2\">\n<p><strong>AUDIT REGULATORY<\/strong><\/p>\n<ul>\n<li>Rummage of all regulatory company needs;<\/li>\n<li>Checking the records, entries, notifications, salaries, operating instructions, among others.<\/li>\n<\/ul>\n<\/div>\n","protected":false},"excerpt":{"rendered":"<p>Periodic audits are carried out by companies from various sectors for an evaluation of its quality management system. The team at L &#038; L Advisory can assist these companies in managing their quality programs , legal and regulatory documentation. The<\/p>\n","protected":false},"author":1,"featured_media":53,"parent":60,"menu_order":0,"comment_status":"closed","ping_status":"closed","template":"","meta":{"_exactmetrics_skip_tracking":false,"_exactmetrics_sitenote_active":false,"_exactmetrics_sitenote_note":"","_exactmetrics_sitenote_category":0,"footnotes":""},"class_list":["post-17","page","type-page","status-publish","has-post-thumbnail","hentry"],"translation":{"provider":"WPGlobus","version":"3.0.0","language":"en","enabled_languages":["pt","en"],"languages":{"pt":{"title":true,"content":true,"excerpt":false},"en":{"title":true,"content":true,"excerpt":false}}},"yoast_head":"<!-- This site is optimized with the Yoast SEO plugin v26.5 - https:\/\/yoast.com\/wordpress\/plugins\/seo\/ -->\n<title>Auditing - L&amp;L Assessoria<\/title>\n<meta name=\"robots\" content=\"index, follow, max-snippet:-1, max-image-preview:large, max-video-preview:-1\" \/>\n<link rel=\"canonical\" href=\"http:\/\/www.lelassessoria.com.br\/en\/servicos\/auditoria\/\" \/>\n<meta property=\"og:locale\" content=\"en_US\" \/>\n<meta property=\"og:type\" content=\"article\" \/>\n<meta property=\"og:title\" content=\"Auditing - L&amp;L Assessoria\" \/>\n<meta property=\"og:url\" content=\"http:\/\/www.lelassessoria.com.br\/en\/servicos\/auditoria\/\" \/>\n<meta property=\"og:site_name\" content=\"L&amp;L Assessoria\" \/>\n<meta property=\"article:publisher\" content=\"https:\/\/www.facebook.com\/llassessoriafarmaceutica\" \/>\n<meta property=\"article:modified_time\" content=\"2016-12-22T23:03:29+00:00\" \/>\n<meta property=\"og:image\" content=\"http:\/\/www.lelassessoria.com.br\/wp-content\/uploads\/2016\/02\/auditoria2.png\" \/>\n\t<meta property=\"og:image:width\" content=\"250\" \/>\n\t<meta property=\"og:image:height\" content=\"250\" \/>\n\t<meta property=\"og:image:type\" content=\"image\/png\" \/>\n<meta name=\"twitter:label1\" content=\"Est. reading time\" \/>\n\t<meta name=\"twitter:data1\" content=\"1 minute\" \/>\n<script type=\"application\/ld+json\" class=\"yoast-schema-graph\">{\"@context\":\"https:\/\/schema.org\",\"@graph\":[{\"@type\":\"WebPage\",\"@id\":\"http:\/\/www.lelassessoria.com.br\/en\/servicos\/auditoria\/\",\"url\":\"http:\/\/www.lelassessoria.com.br\/en\/servicos\/auditoria\/\",\"name\":\"Auditing - L&L Assessoria\",\"isPartOf\":{\"@id\":\"http:\/\/www.lelassessoria.com.br\/#website\"},\"primaryImageOfPage\":{\"@id\":\"http:\/\/www.lelassessoria.com.br\/en\/servicos\/auditoria\/#primaryimage\"},\"image\":{\"@id\":\"http:\/\/www.lelassessoria.com.br\/en\/servicos\/auditoria\/#primaryimage\"},\"thumbnailUrl\":\"http:\/\/www.lelassessoria.com.br\/wp-content\/uploads\/2016\/02\/auditoria2.png\",\"datePublished\":\"2016-02-19T12:51:19+00:00\",\"dateModified\":\"2016-12-22T23:03:29+00:00\",\"breadcrumb\":{\"@id\":\"http:\/\/www.lelassessoria.com.br\/en\/servicos\/auditoria\/#breadcrumb\"},\"inLanguage\":\"en-US\",\"potentialAction\":[{\"@type\":\"ReadAction\",\"target\":[\"http:\/\/www.lelassessoria.com.br\/en\/servicos\/auditoria\/\"]}]},{\"@type\":\"ImageObject\",\"inLanguage\":\"en-US\",\"@id\":\"http:\/\/www.lelassessoria.com.br\/en\/servicos\/auditoria\/#primaryimage\",\"url\":\"http:\/\/www.lelassessoria.com.br\/wp-content\/uploads\/2016\/02\/auditoria2.png\",\"contentUrl\":\"http:\/\/www.lelassessoria.com.br\/wp-content\/uploads\/2016\/02\/auditoria2.png\",\"width\":250,\"height\":250},{\"@type\":\"BreadcrumbList\",\"@id\":\"http:\/\/www.lelassessoria.com.br\/en\/servicos\/auditoria\/#breadcrumb\",\"itemListElement\":[{\"@type\":\"ListItem\",\"position\":1,\"name\":\"In\u00edcio\",\"item\":\"http:\/\/www.lelassessoria.com.br\/\"},{\"@type\":\"ListItem\",\"position\":2,\"name\":\"Services\",\"item\":\"http:\/\/www.lelassessoria.com.br\/en\/servicos\/\"},{\"@type\":\"ListItem\",\"position\":3,\"name\":\"Auditing\"}]},{\"@type\":\"WebSite\",\"@id\":\"http:\/\/www.lelassessoria.com.br\/#website\",\"url\":\"http:\/\/www.lelassessoria.com.br\/\",\"name\":\"L&amp;L Assessoria\",\"description\":\"Solu\u00e7\u00f5es em assessoria regulat\u00f3rias.\",\"publisher\":{\"@id\":\"http:\/\/www.lelassessoria.com.br\/#organization\"},\"potentialAction\":[{\"@type\":\"SearchAction\",\"target\":{\"@type\":\"EntryPoint\",\"urlTemplate\":\"http:\/\/www.lelassessoria.com.br\/?s={search_term_string}\"},\"query-input\":{\"@type\":\"PropertyValueSpecification\",\"valueRequired\":true,\"valueName\":\"search_term_string\"}}],\"inLanguage\":\"en-US\"},{\"@type\":\"Organization\",\"@id\":\"http:\/\/www.lelassessoria.com.br\/#organization\",\"name\":\"L&L Assessoria\",\"url\":\"http:\/\/www.lelassessoria.com.br\/\",\"logo\":{\"@type\":\"ImageObject\",\"inLanguage\":\"en-US\",\"@id\":\"http:\/\/www.lelassessoria.com.br\/#\/schema\/logo\/image\/\",\"url\":\"http:\/\/www.lelassessoria.com.br\/wp-content\/uploads\/2016\/02\/Logo-L-L-Assessoria4.png\",\"contentUrl\":\"http:\/\/www.lelassessoria.com.br\/wp-content\/uploads\/2016\/02\/Logo-L-L-Assessoria4.png\",\"width\":225,\"height\":80,\"caption\":\"L&L Assessoria\"},\"image\":{\"@id\":\"http:\/\/www.lelassessoria.com.br\/#\/schema\/logo\/image\/\"},\"sameAs\":[\"https:\/\/www.facebook.com\/llassessoriafarmaceutica\",\"https:\/\/www.linkedin.com\/in\/leticia-schnekenberg-a8107633\"]}]}<\/script>\n<!-- \/ Yoast SEO plugin. -->","yoast_head_json":{"title":"Auditing - L&L Assessoria","robots":{"index":"index","follow":"follow","max-snippet":"max-snippet:-1","max-image-preview":"max-image-preview:large","max-video-preview":"max-video-preview:-1"},"canonical":"http:\/\/www.lelassessoria.com.br\/en\/servicos\/auditoria\/","og_locale":"en_US","og_type":"article","og_title":"Auditing - L&L Assessoria","og_url":"http:\/\/www.lelassessoria.com.br\/en\/servicos\/auditoria\/","og_site_name":"L&amp;L Assessoria","article_publisher":"https:\/\/www.facebook.com\/llassessoriafarmaceutica","article_modified_time":"2016-12-22T23:03:29+00:00","og_image":[{"width":250,"height":250,"url":"http:\/\/www.lelassessoria.com.br\/wp-content\/uploads\/2016\/02\/auditoria2.png","type":"image\/png"}],"twitter_misc":{"Est. reading time":"1 minute"},"schema":{"@context":"https:\/\/schema.org","@graph":[{"@type":"WebPage","@id":"http:\/\/www.lelassessoria.com.br\/en\/servicos\/auditoria\/","url":"http:\/\/www.lelassessoria.com.br\/en\/servicos\/auditoria\/","name":"Auditing - L&L Assessoria","isPartOf":{"@id":"http:\/\/www.lelassessoria.com.br\/#website"},"primaryImageOfPage":{"@id":"http:\/\/www.lelassessoria.com.br\/en\/servicos\/auditoria\/#primaryimage"},"image":{"@id":"http:\/\/www.lelassessoria.com.br\/en\/servicos\/auditoria\/#primaryimage"},"thumbnailUrl":"http:\/\/www.lelassessoria.com.br\/wp-content\/uploads\/2016\/02\/auditoria2.png","datePublished":"2016-02-19T12:51:19+00:00","dateModified":"2016-12-22T23:03:29+00:00","breadcrumb":{"@id":"http:\/\/www.lelassessoria.com.br\/en\/servicos\/auditoria\/#breadcrumb"},"inLanguage":"en-US","potentialAction":[{"@type":"ReadAction","target":["http:\/\/www.lelassessoria.com.br\/en\/servicos\/auditoria\/"]}]},{"@type":"ImageObject","inLanguage":"en-US","@id":"http:\/\/www.lelassessoria.com.br\/en\/servicos\/auditoria\/#primaryimage","url":"http:\/\/www.lelassessoria.com.br\/wp-content\/uploads\/2016\/02\/auditoria2.png","contentUrl":"http:\/\/www.lelassessoria.com.br\/wp-content\/uploads\/2016\/02\/auditoria2.png","width":250,"height":250},{"@type":"BreadcrumbList","@id":"http:\/\/www.lelassessoria.com.br\/en\/servicos\/auditoria\/#breadcrumb","itemListElement":[{"@type":"ListItem","position":1,"name":"In\u00edcio","item":"http:\/\/www.lelassessoria.com.br\/"},{"@type":"ListItem","position":2,"name":"Services","item":"http:\/\/www.lelassessoria.com.br\/en\/servicos\/"},{"@type":"ListItem","position":3,"name":"Auditing"}]},{"@type":"WebSite","@id":"http:\/\/www.lelassessoria.com.br\/#website","url":"http:\/\/www.lelassessoria.com.br\/","name":"L&amp;L Assessoria","description":"Solu\u00e7\u00f5es em assessoria regulat\u00f3rias.","publisher":{"@id":"http:\/\/www.lelassessoria.com.br\/#organization"},"potentialAction":[{"@type":"SearchAction","target":{"@type":"EntryPoint","urlTemplate":"http:\/\/www.lelassessoria.com.br\/?s={search_term_string}"},"query-input":{"@type":"PropertyValueSpecification","valueRequired":true,"valueName":"search_term_string"}}],"inLanguage":"en-US"},{"@type":"Organization","@id":"http:\/\/www.lelassessoria.com.br\/#organization","name":"L&L Assessoria","url":"http:\/\/www.lelassessoria.com.br\/","logo":{"@type":"ImageObject","inLanguage":"en-US","@id":"http:\/\/www.lelassessoria.com.br\/#\/schema\/logo\/image\/","url":"http:\/\/www.lelassessoria.com.br\/wp-content\/uploads\/2016\/02\/Logo-L-L-Assessoria4.png","contentUrl":"http:\/\/www.lelassessoria.com.br\/wp-content\/uploads\/2016\/02\/Logo-L-L-Assessoria4.png","width":225,"height":80,"caption":"L&L Assessoria"},"image":{"@id":"http:\/\/www.lelassessoria.com.br\/#\/schema\/logo\/image\/"},"sameAs":["https:\/\/www.facebook.com\/llassessoriafarmaceutica","https:\/\/www.linkedin.com\/in\/leticia-schnekenberg-a8107633"]}]}},"_links":{"self":[{"href":"http:\/\/www.lelassessoria.com.br\/en\/wp-json\/wp\/v2\/pages\/17","targetHints":{"allow":["GET"]}}],"collection":[{"href":"http:\/\/www.lelassessoria.com.br\/en\/wp-json\/wp\/v2\/pages"}],"about":[{"href":"http:\/\/www.lelassessoria.com.br\/en\/wp-json\/wp\/v2\/types\/page"}],"author":[{"embeddable":true,"href":"http:\/\/www.lelassessoria.com.br\/en\/wp-json\/wp\/v2\/users\/1"}],"replies":[{"embeddable":true,"href":"http:\/\/www.lelassessoria.com.br\/en\/wp-json\/wp\/v2\/comments?post=17"}],"version-history":[{"count":17,"href":"http:\/\/www.lelassessoria.com.br\/en\/wp-json\/wp\/v2\/pages\/17\/revisions"}],"predecessor-version":[{"id":457,"href":"http:\/\/www.lelassessoria.com.br\/en\/wp-json\/wp\/v2\/pages\/17\/revisions\/457"}],"up":[{"embeddable":true,"href":"http:\/\/www.lelassessoria.com.br\/en\/wp-json\/wp\/v2\/pages\/60"}],"wp:featuredmedia":[{"embeddable":true,"href":"http:\/\/www.lelassessoria.com.br\/en\/wp-json\/wp\/v2\/media\/53"}],"wp:attachment":[{"href":"http:\/\/www.lelassessoria.com.br\/en\/wp-json\/wp\/v2\/media?parent=17"}],"curies":[{"name":"wp","href":"https:\/\/api.w.org\/{rel}","templated":true}]}}