{"id":12,"date":"2016-02-19T12:45:21","date_gmt":"2016-02-19T12:45:21","guid":{"rendered":"http:\/\/lelassessoriacom.avenum.dominiotemporario.com\/?page_id=12"},"modified":"2016-12-22T23:04:51","modified_gmt":"2016-12-22T23:04:51","slug":"regulatorio","status":"publish","type":"page","link":"http:\/\/www.lelassessoria.com.br\/en\/servicos\/regulatorio\/","title":{"rendered":"Regulatory"},"content":{"rendered":"<p>Every industrializated or imported product that is intended to be sold or distributed in Brasil must meet health legislation for an ANVISA registration in its category. L&#038;L Assessoria has a prepared team ready to assist you in this processes.<\/p>\n<div class=\"tg-one-half tg-column-1\">\n<p><strong>COMPANY<\/strong><\/p>\n<ul>\n<li>Sanitary Surveillance of the City\/State and National Health Surveillance Agency (ANVISA) advisory and regulation of your company;<\/li>\n<li>Health license (health permit) obtaining;<\/li>\n<li>Company Operating Permit obtaining \u2013 COP;<\/li>\n<li>Special Authorization (SA) for business operation;<\/li>\n<li>Health License changes, renewals and authorization of operation;<\/li>\n<li>Evaluation and guidelines for adequate facilities and layout;<\/li>\n<li>Establishment Registration obtaining;<\/li>\n<li>Daily monitoring of publications and demonstrations of ANVISA \u2013 until its approval;<\/li>\n<li>Preparation of Good Practice (PGP) for the manufacturing, storage, distribution, among others;<\/li>\n<li>Elaboration of Standard Operational Procedure (SOP);<\/li>\n<li>Executing ANVISA requirements;<\/li>\n<\/ul>\n<\/div>\n<div class=\"tg-one-half tg-one-half-last tg-column-2\">\n<p><strong>PRODUCTS<\/strong><\/p>\n<ul>\n<li>ANVISA notification, registration\/records, changes, renovations, additions and regularization<\/li>\n<li>Appropriate framework of products with the applicable legislation;<\/li>\n<li>Rummage of requirements, documentation, analysis and tests that are prerequisites for the record;<\/li>\n<li>Rummage of documentation required;<\/li>\n<li>Assistance in INMETRO certification;<\/li>\n<li>Documents analysis;<\/li>\n<li>Preparing the registration dossier;<\/li>\n<li>ANVISA face protocol.<\/li>\n<\/ul>\n<\/div>\n","protected":false},"excerpt":{"rendered":"<p>Every industrializated or imported product that is intended to be sold or distributed in Brasil must meet health legislation for an ANVISA registration in its category. L&#038;L Assessoria has a prepared team ready to assist you in this processes. COMPANY<\/p>\n","protected":false},"author":1,"featured_media":52,"parent":60,"menu_order":0,"comment_status":"closed","ping_status":"closed","template":"","meta":{"_exactmetrics_skip_tracking":false,"_exactmetrics_sitenote_active":false,"_exactmetrics_sitenote_note":"","_exactmetrics_sitenote_category":0,"footnotes":""},"class_list":["post-12","page","type-page","status-publish","has-post-thumbnail","hentry"],"translation":{"provider":"WPGlobus","version":"3.0.0","language":"en","enabled_languages":["pt","en"],"languages":{"pt":{"title":true,"content":true,"excerpt":false},"en":{"title":true,"content":true,"excerpt":false}}},"yoast_head":"<!-- This site is optimized with the Yoast SEO plugin v26.5 - https:\/\/yoast.com\/wordpress\/plugins\/seo\/ -->\n<title>Regulatory - L&amp;L Assessoria<\/title>\n<meta name=\"robots\" content=\"index, follow, max-snippet:-1, max-image-preview:large, max-video-preview:-1\" \/>\n<link rel=\"canonical\" href=\"http:\/\/www.lelassessoria.com.br\/en\/servicos\/regulatorio\/\" \/>\n<meta property=\"og:locale\" content=\"en_US\" \/>\n<meta property=\"og:type\" content=\"article\" \/>\n<meta property=\"og:title\" content=\"Regulatory - L&amp;L Assessoria\" \/>\n<meta property=\"og:url\" content=\"http:\/\/www.lelassessoria.com.br\/en\/servicos\/regulatorio\/\" \/>\n<meta property=\"og:site_name\" content=\"L&amp;L Assessoria\" \/>\n<meta property=\"article:publisher\" content=\"https:\/\/www.facebook.com\/llassessoriafarmaceutica\" \/>\n<meta property=\"article:modified_time\" content=\"2016-12-22T23:04:51+00:00\" \/>\n<meta property=\"og:image\" content=\"http:\/\/www.lelassessoria.com.br\/wp-content\/uploads\/2016\/02\/regulamentacao2.jpg\" \/>\n\t<meta property=\"og:image:width\" content=\"250\" \/>\n\t<meta property=\"og:image:height\" content=\"250\" \/>\n\t<meta property=\"og:image:type\" content=\"image\/jpeg\" \/>\n<meta name=\"twitter:label1\" content=\"Est. reading time\" \/>\n\t<meta name=\"twitter:data1\" content=\"2 minutes\" \/>\n<script type=\"application\/ld+json\" class=\"yoast-schema-graph\">{\"@context\":\"https:\/\/schema.org\",\"@graph\":[{\"@type\":\"WebPage\",\"@id\":\"http:\/\/www.lelassessoria.com.br\/en\/servicos\/regulatorio\/\",\"url\":\"http:\/\/www.lelassessoria.com.br\/en\/servicos\/regulatorio\/\",\"name\":\"Regulatory - L&L Assessoria\",\"isPartOf\":{\"@id\":\"http:\/\/www.lelassessoria.com.br\/#website\"},\"primaryImageOfPage\":{\"@id\":\"http:\/\/www.lelassessoria.com.br\/en\/servicos\/regulatorio\/#primaryimage\"},\"image\":{\"@id\":\"http:\/\/www.lelassessoria.com.br\/en\/servicos\/regulatorio\/#primaryimage\"},\"thumbnailUrl\":\"http:\/\/www.lelassessoria.com.br\/wp-content\/uploads\/2016\/02\/regulamentacao2.jpg\",\"datePublished\":\"2016-02-19T12:45:21+00:00\",\"dateModified\":\"2016-12-22T23:04:51+00:00\",\"breadcrumb\":{\"@id\":\"http:\/\/www.lelassessoria.com.br\/en\/servicos\/regulatorio\/#breadcrumb\"},\"inLanguage\":\"en-US\",\"potentialAction\":[{\"@type\":\"ReadAction\",\"target\":[\"http:\/\/www.lelassessoria.com.br\/en\/servicos\/regulatorio\/\"]}]},{\"@type\":\"ImageObject\",\"inLanguage\":\"en-US\",\"@id\":\"http:\/\/www.lelassessoria.com.br\/en\/servicos\/regulatorio\/#primaryimage\",\"url\":\"http:\/\/www.lelassessoria.com.br\/wp-content\/uploads\/2016\/02\/regulamentacao2.jpg\",\"contentUrl\":\"http:\/\/www.lelassessoria.com.br\/wp-content\/uploads\/2016\/02\/regulamentacao2.jpg\",\"width\":250,\"height\":250},{\"@type\":\"BreadcrumbList\",\"@id\":\"http:\/\/www.lelassessoria.com.br\/en\/servicos\/regulatorio\/#breadcrumb\",\"itemListElement\":[{\"@type\":\"ListItem\",\"position\":1,\"name\":\"In\u00edcio\",\"item\":\"http:\/\/www.lelassessoria.com.br\/\"},{\"@type\":\"ListItem\",\"position\":2,\"name\":\"Services\",\"item\":\"http:\/\/www.lelassessoria.com.br\/en\/servicos\/\"},{\"@type\":\"ListItem\",\"position\":3,\"name\":\"Regulatory\"}]},{\"@type\":\"WebSite\",\"@id\":\"http:\/\/www.lelassessoria.com.br\/#website\",\"url\":\"http:\/\/www.lelassessoria.com.br\/\",\"name\":\"L&amp;L Assessoria\",\"description\":\"Solu\u00e7\u00f5es em assessoria regulat\u00f3rias.\",\"publisher\":{\"@id\":\"http:\/\/www.lelassessoria.com.br\/#organization\"},\"potentialAction\":[{\"@type\":\"SearchAction\",\"target\":{\"@type\":\"EntryPoint\",\"urlTemplate\":\"http:\/\/www.lelassessoria.com.br\/?s={search_term_string}\"},\"query-input\":{\"@type\":\"PropertyValueSpecification\",\"valueRequired\":true,\"valueName\":\"search_term_string\"}}],\"inLanguage\":\"en-US\"},{\"@type\":\"Organization\",\"@id\":\"http:\/\/www.lelassessoria.com.br\/#organization\",\"name\":\"L&L Assessoria\",\"url\":\"http:\/\/www.lelassessoria.com.br\/\",\"logo\":{\"@type\":\"ImageObject\",\"inLanguage\":\"en-US\",\"@id\":\"http:\/\/www.lelassessoria.com.br\/#\/schema\/logo\/image\/\",\"url\":\"http:\/\/www.lelassessoria.com.br\/wp-content\/uploads\/2016\/02\/Logo-L-L-Assessoria4.png\",\"contentUrl\":\"http:\/\/www.lelassessoria.com.br\/wp-content\/uploads\/2016\/02\/Logo-L-L-Assessoria4.png\",\"width\":225,\"height\":80,\"caption\":\"L&L Assessoria\"},\"image\":{\"@id\":\"http:\/\/www.lelassessoria.com.br\/#\/schema\/logo\/image\/\"},\"sameAs\":[\"https:\/\/www.facebook.com\/llassessoriafarmaceutica\",\"https:\/\/www.linkedin.com\/in\/leticia-schnekenberg-a8107633\"]}]}<\/script>\n<!-- \/ Yoast SEO plugin. -->","yoast_head_json":{"title":"Regulatory - L&L Assessoria","robots":{"index":"index","follow":"follow","max-snippet":"max-snippet:-1","max-image-preview":"max-image-preview:large","max-video-preview":"max-video-preview:-1"},"canonical":"http:\/\/www.lelassessoria.com.br\/en\/servicos\/regulatorio\/","og_locale":"en_US","og_type":"article","og_title":"Regulatory - L&L Assessoria","og_url":"http:\/\/www.lelassessoria.com.br\/en\/servicos\/regulatorio\/","og_site_name":"L&amp;L Assessoria","article_publisher":"https:\/\/www.facebook.com\/llassessoriafarmaceutica","article_modified_time":"2016-12-22T23:04:51+00:00","og_image":[{"width":250,"height":250,"url":"http:\/\/www.lelassessoria.com.br\/wp-content\/uploads\/2016\/02\/regulamentacao2.jpg","type":"image\/jpeg"}],"twitter_misc":{"Est. reading time":"2 minutes"},"schema":{"@context":"https:\/\/schema.org","@graph":[{"@type":"WebPage","@id":"http:\/\/www.lelassessoria.com.br\/en\/servicos\/regulatorio\/","url":"http:\/\/www.lelassessoria.com.br\/en\/servicos\/regulatorio\/","name":"Regulatory - L&L Assessoria","isPartOf":{"@id":"http:\/\/www.lelassessoria.com.br\/#website"},"primaryImageOfPage":{"@id":"http:\/\/www.lelassessoria.com.br\/en\/servicos\/regulatorio\/#primaryimage"},"image":{"@id":"http:\/\/www.lelassessoria.com.br\/en\/servicos\/regulatorio\/#primaryimage"},"thumbnailUrl":"http:\/\/www.lelassessoria.com.br\/wp-content\/uploads\/2016\/02\/regulamentacao2.jpg","datePublished":"2016-02-19T12:45:21+00:00","dateModified":"2016-12-22T23:04:51+00:00","breadcrumb":{"@id":"http:\/\/www.lelassessoria.com.br\/en\/servicos\/regulatorio\/#breadcrumb"},"inLanguage":"en-US","potentialAction":[{"@type":"ReadAction","target":["http:\/\/www.lelassessoria.com.br\/en\/servicos\/regulatorio\/"]}]},{"@type":"ImageObject","inLanguage":"en-US","@id":"http:\/\/www.lelassessoria.com.br\/en\/servicos\/regulatorio\/#primaryimage","url":"http:\/\/www.lelassessoria.com.br\/wp-content\/uploads\/2016\/02\/regulamentacao2.jpg","contentUrl":"http:\/\/www.lelassessoria.com.br\/wp-content\/uploads\/2016\/02\/regulamentacao2.jpg","width":250,"height":250},{"@type":"BreadcrumbList","@id":"http:\/\/www.lelassessoria.com.br\/en\/servicos\/regulatorio\/#breadcrumb","itemListElement":[{"@type":"ListItem","position":1,"name":"In\u00edcio","item":"http:\/\/www.lelassessoria.com.br\/"},{"@type":"ListItem","position":2,"name":"Services","item":"http:\/\/www.lelassessoria.com.br\/en\/servicos\/"},{"@type":"ListItem","position":3,"name":"Regulatory"}]},{"@type":"WebSite","@id":"http:\/\/www.lelassessoria.com.br\/#website","url":"http:\/\/www.lelassessoria.com.br\/","name":"L&amp;L Assessoria","description":"Solu\u00e7\u00f5es em assessoria regulat\u00f3rias.","publisher":{"@id":"http:\/\/www.lelassessoria.com.br\/#organization"},"potentialAction":[{"@type":"SearchAction","target":{"@type":"EntryPoint","urlTemplate":"http:\/\/www.lelassessoria.com.br\/?s={search_term_string}"},"query-input":{"@type":"PropertyValueSpecification","valueRequired":true,"valueName":"search_term_string"}}],"inLanguage":"en-US"},{"@type":"Organization","@id":"http:\/\/www.lelassessoria.com.br\/#organization","name":"L&L Assessoria","url":"http:\/\/www.lelassessoria.com.br\/","logo":{"@type":"ImageObject","inLanguage":"en-US","@id":"http:\/\/www.lelassessoria.com.br\/#\/schema\/logo\/image\/","url":"http:\/\/www.lelassessoria.com.br\/wp-content\/uploads\/2016\/02\/Logo-L-L-Assessoria4.png","contentUrl":"http:\/\/www.lelassessoria.com.br\/wp-content\/uploads\/2016\/02\/Logo-L-L-Assessoria4.png","width":225,"height":80,"caption":"L&L Assessoria"},"image":{"@id":"http:\/\/www.lelassessoria.com.br\/#\/schema\/logo\/image\/"},"sameAs":["https:\/\/www.facebook.com\/llassessoriafarmaceutica","https:\/\/www.linkedin.com\/in\/leticia-schnekenberg-a8107633"]}]}},"_links":{"self":[{"href":"http:\/\/www.lelassessoria.com.br\/en\/wp-json\/wp\/v2\/pages\/12","targetHints":{"allow":["GET"]}}],"collection":[{"href":"http:\/\/www.lelassessoria.com.br\/en\/wp-json\/wp\/v2\/pages"}],"about":[{"href":"http:\/\/www.lelassessoria.com.br\/en\/wp-json\/wp\/v2\/types\/page"}],"author":[{"embeddable":true,"href":"http:\/\/www.lelassessoria.com.br\/en\/wp-json\/wp\/v2\/users\/1"}],"replies":[{"embeddable":true,"href":"http:\/\/www.lelassessoria.com.br\/en\/wp-json\/wp\/v2\/comments?post=12"}],"version-history":[{"count":20,"href":"http:\/\/www.lelassessoria.com.br\/en\/wp-json\/wp\/v2\/pages\/12\/revisions"}],"predecessor-version":[{"id":463,"href":"http:\/\/www.lelassessoria.com.br\/en\/wp-json\/wp\/v2\/pages\/12\/revisions\/463"}],"up":[{"embeddable":true,"href":"http:\/\/www.lelassessoria.com.br\/en\/wp-json\/wp\/v2\/pages\/60"}],"wp:featuredmedia":[{"embeddable":true,"href":"http:\/\/www.lelassessoria.com.br\/en\/wp-json\/wp\/v2\/media\/52"}],"wp:attachment":[{"href":"http:\/\/www.lelassessoria.com.br\/en\/wp-json\/wp\/v2\/media?parent=12"}],"curies":[{"name":"wp","href":"https:\/\/api.w.org\/{rel}","templated":true}]}}